{"id":635,"date":"2026-05-08T14:49:17","date_gmt":"2026-05-08T14:49:17","guid":{"rendered":"https:\/\/schellenbergschule.de\/?page_id=635"},"modified":"2026-05-08T14:49:17","modified_gmt":"2026-05-08T14:49:17","slug":"grosser-lesewettbewerb-an-der-schellenberg-schule","status":"publish","type":"page","link":"https:\/\/schellenbergschule.de\/?page_id=635","title":{"rendered":"Gro\u00dfer Lesewettbewerb an der Schellenberg-Schule"},"content":{"rendered":"\n<p>Gro\u00dfer Lesewettbewerb an der Schellenberg-Schule<\/p>\n\n\n\n<p>Lesen ist kein blo\u00dfer Zeitvertreib \u2013 es ist die sch\u00f6nste Art, seine Zeit zu nutzen!<\/p>\n\n\n\n<p>Vor den Osterferien fanden an allen drei beteiligten Grundschulen die Klassen- und Schulentscheide statt. So konnten die jeweils zwei besten Leserinnen und Leser jeder Jahrgangsstufe ermittelt werden. Am 15. April 2026 war es dann soweit: In Hellenhahn-Schellenberg trafen sich die Grundschulen Hellenhahn-Schellenberg, Elsoff und Irmtraut zum gro\u00dfen Lesewettbewerb. Es wurde ein rundum gelungener und spannender Turniertag, an dem die Kinder eindrucksvoll zeigten, wie sicher und ausdrucksstark sie bereits lesen. Zugleich lernten alle viele neue, spannende B\u00fccher kennen und h\u00f6rten daraus ausgew\u00e4hlte Abschnitte.<\/p>\n\n\n\n<p>An der Schellenberg-Schule traten Tiam Taleb, Philipp B\u00e4r, Maximilian Nink, Emma Salverius (3. Platz), Maximilian Greb, Indre Woiczik (1. Platz), Margareta Schilling (1. Platz) und Luisa Zimmermann an. Von der Lasterbachschule waren Matheo Schilling (2. Platz), Elias Beimdiek (1. Platz), Tristan Wehler (1. Platz), Fiona Ibel (2. Platz), Emil Mehr, Bruno Meuser (2. Platz), Emilia Herwald und Toni Wehler (3. Platz) in der Endausscheidung vertreten. Aus der L\u00f6wenzahnschule gingen Lou W\u00fcst (3. Platz), Ophelia Krafft, Lana Druzinac, Toni Wagner, Leni Jung, Max Giebeler (3. Platz), Rosalie Sch\u00f6n (2. Platz) und Mats Sch\u00f6nberger an den Start.&nbsp;Die Entscheidungen der Jury fielen durchweg knapp aus \u2013 ein deutliches Zeichen daf\u00fcr, wie hoch das Lese\u00adniveau aller Teilnehmenden war. Alle Kinder k\u00f6nnen sehr stolz auf ihre Leistungen sein. Wir Erwachsenen freuen uns, dass sie \u2013 ganz im Sinne von Astrid Lindgren \u2013 einen gro\u00dfen Lesehunger mitbringen.<\/p>\n\n\n\n<p>Ein herzliches Dankesch\u00f6n geht von dem Team der Schellenberg-Schule an die begleitenden Lehrerinnen der anderen Schulen, Frau Sch\u00e4fer und Frau Malm sowie an die Jurymitglieder Herrn Gerrit M\u00fcller (VG-B\u00fcrgermeister), Sandra Burth (kath. Kirchengemeinde Hellenhahn-Schellenberg), Gudrun Noll (Gemeinderat), Christina Gros (Kita Neustadt), Nadine Schmidt (ehemalige Schulelternsprecherin) und Kerstin Heymann (Kita Hellenhahn). Au\u00dferdem gilt ein Dankesch\u00f6n dem SEB f\u00fcr die Bereitstellung des Buffets und Frau Baran f\u00fcr die Bewirtung. Ein herzliches Dankesch\u00f6n geht au\u00dferdem an den Spender der Buchpreise \u2013 die B\u00fccher kamen bei den Gewinnerinnen und Gewinnern hervorragend an.<\/p>\n\n\n\n<p>Zum Abschluss passt ein Wort von Astrid Lindgren, das diesen erfolgreichen Tag wunderbar auf den Punkt bringt:<\/p>\n\n\n\n<p>\u201eEine Kindheit ohne B\u00fccher w\u00e4re keine Kindheit. Es w\u00e4re, als ob man aus dem verzauberten Land ausgesperrt w\u00e4re\u2026\u201c<\/p>\n\n\n\n<p>Die drei Grundschulen w\u00fcnschen allen Kindern weiterhin viel Freude beim Lesen \u2013 und bei den vielen Abenteuern, die sich in B\u00fcchern f\u00fcr sie auftun!<\/p>\n\n\n\n<p><\/p>\n","protected":false},"excerpt":{"rendered":"<p>Gro\u00dfer Lesewettbewerb an der Schellenberg-Schule Lesen ist kein blo\u00dfer Zeitvertreib \u2013 es ist die sch\u00f6nste Art, seine Zeit zu nutzen! Vor den Osterferien fanden an allen drei beteiligten Grundschulen die Klassen- und Schulentscheide statt. So konnten die jeweils zwei besten Leserinnen und Leser jeder Jahrgangsstufe ermittelt werden. Am 15. April 2026 war es dann soweit:&#8230;<\/p>\n","protected":false},"author":2,"featured_media":0,"parent":0,"menu_order":0,"comment_status":"closed","ping_status":"closed","template":"","meta":{"footnotes":""},"class_list":["post-635","page","type-page","status-publish","hentry"],"_links":{"self":[{"href":"https:\/\/schellenbergschule.de\/index.php?rest_route=\/wp\/v2\/pages\/635","targetHints":{"allow":["GET"]}}],"collection":[{"href":"https:\/\/schellenbergschule.de\/index.php?rest_route=\/wp\/v2\/pages"}],"about":[{"href":"https:\/\/schellenbergschule.de\/index.php?rest_route=\/wp\/v2\/types\/page"}],"author":[{"embeddable":true,"href":"https:\/\/schellenbergschule.de\/index.php?rest_route=\/wp\/v2\/users\/2"}],"replies":[{"embeddable":true,"href":"https:\/\/schellenbergschule.de\/index.php?rest_route=%2Fwp%2Fv2%2Fcomments&post=635"}],"version-history":[{"count":1,"href":"https:\/\/schellenbergschule.de\/index.php?rest_route=\/wp\/v2\/pages\/635\/revisions"}],"predecessor-version":[{"id":637,"href":"https:\/\/schellenbergschule.de\/index.php?rest_route=\/wp\/v2\/pages\/635\/revisions\/637"}],"wp:attachment":[{"href":"https:\/\/schellenbergschule.de\/index.php?rest_route=%2Fwp%2Fv2%2Fmedia&parent=635"}],"curies":[{"name":"wp","href":"https:\/\/api.w.org\/{rel}","templated":true}]}}