{"id":462,"date":"2023-01-25T14:24:09","date_gmt":"2023-01-25T14:24:09","guid":{"rendered":"https:\/\/schellenbergschule.de\/?page_id=462"},"modified":"2023-04-29T09:27:11","modified_gmt":"2023-04-29T09:27:11","slug":"foerderverein","status":"publish","type":"page","link":"https:\/\/schellenbergschule.de\/?page_id=462","title":{"rendered":"F\u00f6rderverein"},"content":{"rendered":"\n<h2 class=\"wp-block-heading\">F\u00f6rderverein<\/h2>\n\n\n\n<p><\/p>\n\n\n\n<p>Liebe Eltern,<\/p>\n\n\n\n<p>liebe Mitb\u00fcrgerInnen,<\/p>\n\n\n\n<p>der F\u00f6rderverein der \u201eSchellenberg-Schule\u201c Hellenhahn-Schellenberg e.V. unterst\u00fctzt viele Arten von schulischen sowie au\u00dferschulischen Aktivit\u00e4ten und Projekten der Grundschule Hellenhahn-Schellenberg.<\/p>\n\n\n\n<p>Durch die Einrichtung des F\u00f6rdervereins besteht die M\u00f6glichkeit, unsere Grundschule finanziell st\u00e4rker zu unterst\u00fctzen, um dieser vielf\u00e4ltige M\u00f6glichkeiten zu bieten.<\/p>\n\n\n\n<p>Denn wie wir wissen: Oft scheitert dies an den finanziellen M\u00f6glichkeiten.<\/p>\n\n\n\n<p>Und gerade an unserer kleinen Schellenberg-Schule ist der finanzielle Rahmen oft so eng gesteckt, dass manche \u00dcberlegungen bisher gar nicht in Betracht kamen (z. B. Umsetzung eines Zirkusprojektes oder eines Trommelworkshops). Das hoffen hiermit \u00e4ndern zu k\u00f6nnen.<\/p>\n\n\n\n<p>Der Mindestjahresbeitrag f\u00fcr die Mitgliedschaft im F\u00f6rderverein betr\u00e4gt 12\u20ac, kann aber nach oben frei gew\u00e4hlt werden.<\/p>\n\n\n\n<p>Auch Einmalspenden ohne Mitgliedschaft sind jederzeit m\u00f6glich, steuerlich absetzbar und herzlich willkommen.<\/p>\n\n\n\n<p>Die Kontoverbindung f\u00fcr einmalige Spenden lautet:<\/p>\n\n\n\n<p>IBAN: DE42 5739 1800 0026 8456 10<\/p>\n\n\n\n<p>BIC GENODE 51 WW1 bei der Westerwaldbank<\/p>\n\n\n\n<p>Helfen Sie uns dabei, unseren Kindern eine sch\u00f6ne Grundschulzeit mit st\u00e4ndig aktuellen Medien, Projekten und Ideen zu erm\u00f6glichen.<\/p>\n\n\n\n<p>Der Info-Flyer inkl. Beitrittserkl\u00e4rung wird hier zum Download bereitgestellt.<\/p>\n\n\n\n<p>Ihr Vorstand des F\u00f6rdervereins der \u201eSchellenberg-Schule\u201c Hellenhahn-Schellenberg e.V.<\/p>\n\n\n\n<p>Danny Otto, Marcell Polley, Jasmin Held, Isabelle Schmidt-Beyer<\/p>\n\n\n\n<p><\/p>\n\n\n\n<h3 class=\"wp-block-heading\">Flyer &#8211; Aufnahmeantrag: <\/h3>\n\n\n\n<div class=\"wp-block-file\"><a id=\"wp-block-file--media-b465dc6e-9050-49d7-b864-19d6e37ea75b\" href=\"https:\/\/schellenbergschule.de\/wp-content\/uploads\/2023\/04\/Flyer.pdf\"><mark style=\"background-color:rgba(0, 0, 0, 0)\" class=\"has-inline-color has-grey-color\">Flyer &#8211; Aufnahmeantrag<\/mark><\/a><a href=\"https:\/\/schellenbergschule.de\/wp-content\/uploads\/2023\/04\/Flyer.pdf\" class=\"wp-block-file__button wp-element-button\" download aria-describedby=\"wp-block-file--media-b465dc6e-9050-49d7-b864-19d6e37ea75b\">Herunterladen<\/a><\/div>\n\n\n\n<p><\/p>\n\n\n\n<figure class=\"wp-block-image size-full is-resized\"><img loading=\"lazy\" decoding=\"async\" src=\"https:\/\/schellenbergschule.de\/wp-content\/uploads\/2022\/05\/cropped-cropped-Logo_Schellenberg_Druckhaus-2-edited.jpg\" alt=\"\" class=\"wp-image-191\" width=\"128\" height=\"82\" srcset=\"https:\/\/schellenbergschule.de\/wp-content\/uploads\/2022\/05\/cropped-cropped-Logo_Schellenberg_Druckhaus-2-edited.jpg 512w, https:\/\/schellenbergschule.de\/wp-content\/uploads\/2022\/05\/cropped-cropped-Logo_Schellenberg_Druckhaus-2-edited-300x193.jpg 300w\" sizes=\"auto, (max-width: 128px) 100vw, 128px\" \/><\/figure>\n","protected":false},"excerpt":{"rendered":"<p>F\u00f6rderverein Liebe Eltern, liebe Mitb\u00fcrgerInnen, der F\u00f6rderverein der \u201eSchellenberg-Schule\u201c Hellenhahn-Schellenberg e.V. unterst\u00fctzt viele Arten von schulischen sowie au\u00dferschulischen Aktivit\u00e4ten und Projekten der Grundschule Hellenhahn-Schellenberg. Durch die Einrichtung des F\u00f6rdervereins besteht die M\u00f6glichkeit, unsere Grundschule finanziell st\u00e4rker zu unterst\u00fctzen, um dieser vielf\u00e4ltige M\u00f6glichkeiten zu bieten. Denn wie wir wissen: Oft scheitert dies an den finanziellen M\u00f6glichkeiten&#8230;.<\/p>\n","protected":false},"author":1,"featured_media":0,"parent":0,"menu_order":0,"comment_status":"closed","ping_status":"closed","template":"","meta":{"footnotes":""},"class_list":["post-462","page","type-page","status-publish","hentry"],"_links":{"self":[{"href":"https:\/\/schellenbergschule.de\/index.php?rest_route=\/wp\/v2\/pages\/462","targetHints":{"allow":["GET"]}}],"collection":[{"href":"https:\/\/schellenbergschule.de\/index.php?rest_route=\/wp\/v2\/pages"}],"about":[{"href":"https:\/\/schellenbergschule.de\/index.php?rest_route=\/wp\/v2\/types\/page"}],"author":[{"embeddable":true,"href":"https:\/\/schellenbergschule.de\/index.php?rest_route=\/wp\/v2\/users\/1"}],"replies":[{"embeddable":true,"href":"https:\/\/schellenbergschule.de\/index.php?rest_route=%2Fwp%2Fv2%2Fcomments&post=462"}],"version-history":[{"count":6,"href":"https:\/\/schellenbergschule.de\/index.php?rest_route=\/wp\/v2\/pages\/462\/revisions"}],"predecessor-version":[{"id":501,"href":"https:\/\/schellenbergschule.de\/index.php?rest_route=\/wp\/v2\/pages\/462\/revisions\/501"}],"wp:attachment":[{"href":"https:\/\/schellenbergschule.de\/index.php?rest_route=%2Fwp%2Fv2%2Fmedia&parent=462"}],"curies":[{"name":"wp","href":"https:\/\/api.w.org\/{rel}","templated":true}]}}