{"id":459,"date":"2023-01-25T14:22:21","date_gmt":"2023-01-25T14:22:21","guid":{"rendered":"https:\/\/schellenbergschule.de\/?page_id=459"},"modified":"2025-11-26T19:37:41","modified_gmt":"2025-11-26T19:37:41","slug":"schulsozialarbeit","status":"publish","type":"page","link":"https:\/\/schellenbergschule.de\/?page_id=459","title":{"rendered":"Aktuelles"},"content":{"rendered":"\n<h2 class=\"wp-block-heading\">Aktuelles<\/h2>\n\n\n\n<p><\/p>\n\n\n\n<h2 class=\"wp-block-heading\">Technik macht Schule: Schellenberg-Sch\u00fclerInnen starten in die Zukunft!<\/h2>\n\n\n\n<figure class=\"wp-block-video\"><video height=\"480\" style=\"aspect-ratio: 848 \/ 480;\" width=\"848\" controls src=\"https:\/\/schellenbergschule.de\/wp-content\/uploads\/2023\/05\/704868420.419953-3429379112.mp4\"><\/video><\/figure>\n\n\n\n<figure class=\"wp-block-video\"><video height=\"480\" style=\"aspect-ratio: 848 \/ 480;\" width=\"848\" controls src=\"https:\/\/schellenbergschule.de\/wp-content\/uploads\/2023\/04\/703516507.119520-3532456529-1.mp4\"><\/video><\/figure>\n\n\n\n<p>Mit einem Klassensatz (10 Sets) LEGO\u00ae Education SPIKE&#x2122; Essential wurde der Startschuss zum Projekt SCHULEWIRTSCHAFT Deutschland an der Schellenberg-Schule in Hellenhahn-Schellenberg gelegt.<\/p>\n\n\n\n<p>Am Montag war ein ganz au\u00dfergew\u00f6hnlicher Tag f\u00fcr die Sch\u00fclerInnen der Schellenberg-Schule. Im Rahmen des Projektes SCHULEWIRTSCHAFT Deutschland besuchten unser Gesch\u00e4ftsf\u00fchrer Markus Michels und unser Prokurist Marcell Polley die Grundschule. Die beiden hatten die gro\u00dfe Freude, der Schulgemeinschaft einen von focus gesponserten Klassensatz LEGO\u00ae Education SPIKE&#x2122; Essential \u00fcberbringen zu d\u00fcrfen &#8211; ein besonderes Ereignis f\u00fcr alle Beteiligten!<\/p>\n\n\n\n<p>LEGO\u00ae Education SPIKE&#x2122; Essential ist ein f\u00e4cher\u00fcbergreifendes MINT-Lernkonzept f\u00fcr Grundschulen, welches das Interesse f\u00fcr MINT-F\u00e4cher wecken m\u00f6chte. Eine gezielte Schulung der Lehrkr\u00e4fte ist die Voraussetzung, welche Schulleiterin Anja Pfeil-Stickel und ihre KollegInnen am 02.02.2023 durch eine Fortbildung zum Thema \u201eEinf\u00fchrung in die Robotik mit verschiedenen Systemen\u201c geschaffen haben.<\/p>\n\n\n\n<p>Durch das Projekt SCHULEWIRTSCHAFT Deutschland sollen M\u00e4dchen und Jungen bereits in der dritten und vierten Klasse f\u00fcr das Thema Technik und IT begeistert werden und bis zum Schulabschluss durchg\u00e4ngig durch verschiedene Angebote begleitet werden. Mit den Lego-Education-Sets im Gesamtwert von 3.000 \u20ac ist nun der Startschuss an der Schellenberg-Schule gelegt und die Kinder k\u00f6nnen im Unterricht zum Thema Robotik experimentieren.<\/p>\n\n\n\n<p>Bereits nach den Osterferien startet zun\u00e4chst die vierte Klasse mit dem ersten Robotik-Workshop. Mit den Bauk\u00e4sten k\u00f6nnen die Sch\u00fclerInnen das Konstruieren und das Programmieren lernen. Unterst\u00fctzt werden sie dabei neben der Lehrkraft von unseren Auszubildenden, die den Kindern an zwei Tagen jeweils drei Stunden unterst\u00fctzend zur Seite stehen, damit sich die hochmotivierten kleinen Ingenieurinnen und Ingenieure \u201eauf den Weg in die Zukunft\u201c machen k\u00f6nnen.<\/p>\n\n\n\n<p>Als kleines Dankesch\u00f6n pr\u00e4sentierten die Sch\u00fclerInnen das Lied \u201eFr\u00fchbl\u00fcher\u201c und \u00fcberreichten im Anschluss einen gro\u00dfen Strau\u00df bunter Tulpen.<\/p>\n\n\n\n<p>Fortsetzung folgt\u2026 sobald die ersten Konstruktionen erfolgt sind, berichten die Sch\u00fclerInnen der Schellenberg-Schule erneut!<\/p>\n\n\n\n<figure class=\"wp-block-image size-large\"><img loading=\"lazy\" decoding=\"async\" width=\"1024\" height=\"519\" src=\"https:\/\/schellenbergschule.de\/wp-content\/uploads\/2023\/04\/LEGO-1-1024x519.jpg\" alt=\"\" class=\"wp-image-475\" srcset=\"https:\/\/schellenbergschule.de\/wp-content\/uploads\/2023\/04\/LEGO-1-1024x519.jpg 1024w, https:\/\/schellenbergschule.de\/wp-content\/uploads\/2023\/04\/LEGO-1-300x152.jpg 300w, https:\/\/schellenbergschule.de\/wp-content\/uploads\/2023\/04\/LEGO-1-768x389.jpg 768w, https:\/\/schellenbergschule.de\/wp-content\/uploads\/2023\/04\/LEGO-1-1536x779.jpg 1536w, https:\/\/schellenbergschule.de\/wp-content\/uploads\/2023\/04\/LEGO-1-2048x1038.jpg 2048w\" sizes=\"auto, (max-width: 1024px) 100vw, 1024px\" \/><\/figure>\n\n\n\n<p>Die Kinder der Klassen 1-4 gemeinsam mit Marcell Polley (Prokurist der Firma focus), Evelyn Jede (Lehrerin), Nicole Schlemmer (Lehrerin) sowie Schulleiterin Anja Pfeil-Stickel und Markus Michels, Gesch\u00e4ftsf\u00fchrer der Firma focus (v. l. n. r.).<\/p>\n\n\n\n<figure class=\"wp-block-image size-large is-resized\"><img loading=\"lazy\" decoding=\"async\" width=\"1024\" height=\"838\" src=\"https:\/\/schellenbergschule.de\/wp-content\/uploads\/2023\/04\/LEGO-2-1024x838.jpg\" alt=\"\" class=\"wp-image-476\" style=\"width:505px;height:413px\" srcset=\"https:\/\/schellenbergschule.de\/wp-content\/uploads\/2023\/04\/LEGO-2-1024x838.jpg 1024w, https:\/\/schellenbergschule.de\/wp-content\/uploads\/2023\/04\/LEGO-2-300x245.jpg 300w, https:\/\/schellenbergschule.de\/wp-content\/uploads\/2023\/04\/LEGO-2-768x628.jpg 768w, https:\/\/schellenbergschule.de\/wp-content\/uploads\/2023\/04\/LEGO-2-1536x1257.jpg 1536w, https:\/\/schellenbergschule.de\/wp-content\/uploads\/2023\/04\/LEGO-2-2048x1676.jpg 2048w\" sizes=\"auto, (max-width: 1024px) 100vw, 1024px\" \/><\/figure>\n\n\n\n<p>Nach zweieinhalb Jahren erfolgreicher Zusammenarbeit haben wir uns mit dem gemeinsamen Projekt &#8222;TechKIDs &#8211; Programmieren entdecken&#8220; f\u00fcr den SCHULEWIRTSCHAFT-Preis beworben und wurden in der Kategorie <\/p>\n\n\n\n<p>&#8222;Kooperation Unternehmen &#8211; Schule&#8220; als Landessieger in Hessen ausgezeichnet.<\/p>\n\n\n\n<p>Uns besuchen regelm\u00e4\u00dfig Auszubildende der Firma und unterst\u00fctzen die Lerngruppen bei den Robotic-Kursen. Es entstand somit eine lebendige Lernpartnerschaft. Die Azubis unterst\u00fctzen die Lehrkr\u00e4fte, indem sie helfen, die Kinder an die Welt der Robotik und Programmierung heranzuf\u00fchren. Aber auch die Azubis wachsen an ihren Aufgaben als Projektbegleiter.<\/p>\n\n\n\n<p><a href=\"https:\/\/www.schule-wirtschaft-hessen.de\/aktuelles-termine\/aktuelles\/artikel\/rueckblick-auf-die-50-jahrestagung-der-schulewirtschaft-hessen-in-frankfurt\">https:\/\/www.schule-wirtschaft-hessen.de\/aktuelles-termine\/aktuelles\/artikel\/rueckblick-auf-die-50-jahrestagung-der-schulewirtschaft-hessen-in-frankfurt<\/a><\/p>\n\n\n\n<p>Am 14.11.2025 konnten wir beim Bundesentscheid in Berlin den dritten Platz belegen. Wir freuen uns riesig \u00fcber die Auszeichnung.<\/p>\n\n\n\n<p><a href=\"https:\/\/www.schulewirtschaft.de\/preis\/preistraeger-2025\">https:\/\/www.schulewirtschaft.de\/preis\/preistraeger-2025<\/a><\/p>\n\n\n\n<p><a href=\"https:\/\/www.schulewirtschaft.de\/preis\/preistraeger-2025\/focus-industrieautomation-schellenberg-schule\">https:\/\/www.schulewirtschaft.de\/preis\/preistraeger-2025\/focus-industrieautomation-schellenberg-schule<\/a><\/p>\n\n\n\n<p><\/p>\n\n\n\n<p><\/p>\n\n\n\n<p><\/p>\n\n\n\n<h2 class=\"wp-block-heading\">Aschermittwoch<\/h2>\n\n\n\n<p>Traditionell haben wir nach den Karnevalstagen die Fastenzeit mit dem Aschermittwochsgottesdienst eingel\u00e4utet. <\/p>\n\n\n\n<p>Frau Henn feierte mit der gesamten Schulgemeinschaft am 05. M\u00e4rz 2025 den besinnlichen Gottesdienst im Pfarrheim.<\/p>\n\n\n\n<p><img loading=\"lazy\" decoding=\"async\" width=\"150\" height=\"307\" class=\"wp-image-466\" style=\"width: 150px;\" src=\"https:\/\/schellenbergschule.de\/wp-content\/uploads\/2023\/02\/IMG_20230222_0840042-scaled.jpg\" alt=\"\" srcset=\"https:\/\/schellenbergschule.de\/wp-content\/uploads\/2023\/02\/IMG_20230222_0840042-scaled.jpg 1252w, https:\/\/schellenbergschule.de\/wp-content\/uploads\/2023\/02\/IMG_20230222_0840042-147x300.jpg 147w, https:\/\/schellenbergschule.de\/wp-content\/uploads\/2023\/02\/IMG_20230222_0840042-501x1024.jpg 501w, https:\/\/schellenbergschule.de\/wp-content\/uploads\/2023\/02\/IMG_20230222_0840042-768x1571.jpg 768w, https:\/\/schellenbergschule.de\/wp-content\/uploads\/2023\/02\/IMG_20230222_0840042-751x1536.jpg 751w, https:\/\/schellenbergschule.de\/wp-content\/uploads\/2023\/02\/IMG_20230222_0840042-1001x2048.jpg 1001w\" sizes=\"auto, (max-width: 150px) 100vw, 150px\" \/><\/p>\n\n\n\n<p><\/p>\n\n\n\n<p><\/p>\n","protected":false},"excerpt":{"rendered":"<p>Aktuelles Technik macht Schule: Schellenberg-Sch\u00fclerInnen starten in die Zukunft! Mit einem Klassensatz (10 Sets) LEGO\u00ae Education SPIKE&#x2122; Essential wurde der Startschuss zum Projekt SCHULEWIRTSCHAFT Deutschland an der Schellenberg-Schule in Hellenhahn-Schellenberg gelegt. Am Montag war ein ganz au\u00dfergew\u00f6hnlicher Tag f\u00fcr die Sch\u00fclerInnen der Schellenberg-Schule. Im Rahmen des Projektes SCHULEWIRTSCHAFT Deutschland besuchten unser Gesch\u00e4ftsf\u00fchrer Markus Michels und&#8230;<\/p>\n","protected":false},"author":1,"featured_media":0,"parent":0,"menu_order":0,"comment_status":"closed","ping_status":"closed","template":"","meta":{"footnotes":""},"class_list":["post-459","page","type-page","status-publish","hentry"],"_links":{"self":[{"href":"https:\/\/schellenbergschule.de\/index.php?rest_route=\/wp\/v2\/pages\/459","targetHints":{"allow":["GET"]}}],"collection":[{"href":"https:\/\/schellenbergschule.de\/index.php?rest_route=\/wp\/v2\/pages"}],"about":[{"href":"https:\/\/schellenbergschule.de\/index.php?rest_route=\/wp\/v2\/types\/page"}],"author":[{"embeddable":true,"href":"https:\/\/schellenbergschule.de\/index.php?rest_route=\/wp\/v2\/users\/1"}],"replies":[{"embeddable":true,"href":"https:\/\/schellenbergschule.de\/index.php?rest_route=%2Fwp%2Fv2%2Fcomments&post=459"}],"version-history":[{"count":14,"href":"https:\/\/schellenbergschule.de\/index.php?rest_route=\/wp\/v2\/pages\/459\/revisions"}],"predecessor-version":[{"id":626,"href":"https:\/\/schellenbergschule.de\/index.php?rest_route=\/wp\/v2\/pages\/459\/revisions\/626"}],"wp:attachment":[{"href":"https:\/\/schellenbergschule.de\/index.php?rest_route=%2Fwp%2Fv2%2Fmedia&parent=459"}],"curies":[{"name":"wp","href":"https:\/\/api.w.org\/{rel}","templated":true}]}}