{"id":302,"date":"2022-06-03T14:48:10","date_gmt":"2022-06-03T14:48:10","guid":{"rendered":"https:\/\/schellenbergschule.de\/?page_id=302"},"modified":"2024-09-11T12:15:19","modified_gmt":"2024-09-11T12:15:19","slug":"zeiten","status":"publish","type":"page","link":"https:\/\/schellenbergschule.de\/?page_id=302","title":{"rendered":"Zeiten"},"content":{"rendered":"\n<h2 class=\"wp-block-heading\">Ferienzeiten<\/h2>\n\n\n\n<p>Herbstferien: 14.10.2024 &#8211; 25.10 2024<\/p>\n\n\n\n<p>Weihnachtsferien: 23.12.2024 &#8211; 08.01.2025<\/p>\n\n\n\n<p>Rosenmontag: 03.03.2025<\/p>\n\n\n\n<p>Fastnachtsdienstag: 04.03.2025<\/p>\n\n\n\n<p>Osterferien: 14.04.2025 &#8211; 25.04.2025<\/p>\n\n\n\n<p>Beweglicher Ferientag nach Christi Himmelfahrt: 30.05.2025<\/p>\n\n\n\n<p>Beweglicher Ferientag nach Fronleichnam: 20.06.2025<\/p>\n\n\n\n<p>Sommerferien: 07.07.2025 &#8211; 15.08.2025<\/p>\n\n\n\n<p>(F\u00fcr die Ferienzeiten sind jeweils der erste und letzte Ferientag genannt)<\/p>\n\n\n\n<p><\/p>\n\n\n\n<p><strong>Bewegliche Ferientage:<\/strong><\/p>\n\n\n\n<p>04.10.2024 Br\u00fcckentag<\/p>\n\n\n\n<p>03.03.2025 Rosenmontag<\/p>\n\n\n\n<p>04.03.2025 Faschingsdienstag<\/p>\n\n\n\n<p>02.05.2025 Br\u00fcckentag<\/p>\n\n\n\n<p>30.05.2025 Freitag nach Christi Himmelfahrt<\/p>\n\n\n\n<p>20.06.2025 Freitag nach Fronleichnam<\/p>\n\n\n\n<h2 class=\"wp-block-heading\">Unterrichtszeiten\/Stundenplan<\/h2>\n\n\n\n<p>07.30 Uhr \u2013 07.50 Uhr Fr\u00fchbetreuung<\/p>\n\n\n\n<p>07.50 Uhr \u2013 08.00 Uhr Offener Anfang<\/p>\n\n\n\n<p>08.00 Uhr \u2013 09.30 Uhr 1. Unterrichtsblock<\/p>\n\n\n\n<p>09.30 Uhr \u2013 09.45 Uhr Betreutes Fr\u00fchst\u00fcck<\/p>\n\n\n\n<p>09.45 Uhr \u2013 10.05 Uhr 1. Spielpause<\/p>\n\n\n\n<p>10.05 Uhr \u2013 10.55 Uhr 2. Unterrichtsblock<\/p>\n\n\n\n<p>10.55 Uhr \u2013 11.10 Uhr 2. Spielpause<\/p>\n\n\n\n<p>11.10 Uhr \u2013 12.00 Uhr 3. Unterrichtsblock<\/p>\n\n\n\n<p>12.00 Uhr \u2013 12.10 Uhr 3. Spielpause<\/p>\n\n\n\n<p>12.10 Uhr \u2013 13.00 Uhr 4. Unterrichtsblock\/ Mittagsbetreuung f\u00fcr Klasse 1 und 2<\/p>\n\n\n\n<h2 class=\"wp-block-heading\">Erweitertes Betreuungsangebot<\/h2>\n\n\n\n<p>13.00 Uhr \u2013 13.45 Uhr Mittagessen und Ruhephase<\/p>\n\n\n\n<p>13.45 Uhr \u2013 14.45 Uhr Lernzeit\/ Hausaufgabenzeit<\/p>\n","protected":false},"excerpt":{"rendered":"<p>Ferienzeiten Herbstferien: 14.10.2024 &#8211; 25.10 2024 Weihnachtsferien: 23.12.2024 &#8211; 08.01.2025 Rosenmontag: 03.03.2025 Fastnachtsdienstag: 04.03.2025 Osterferien: 14.04.2025 &#8211; 25.04.2025 Beweglicher Ferientag nach Christi Himmelfahrt: 30.05.2025 Beweglicher Ferientag nach Fronleichnam: 20.06.2025 Sommerferien: 07.07.2025 &#8211; 15.08.2025 (F\u00fcr die Ferienzeiten sind jeweils der erste und letzte Ferientag genannt) Bewegliche Ferientage: 04.10.2024 Br\u00fcckentag 03.03.2025 Rosenmontag 04.03.2025 Faschingsdienstag 02.05.2025 Br\u00fcckentag 30.05.2025&#8230;<\/p>\n","protected":false},"author":3,"featured_media":0,"parent":0,"menu_order":0,"comment_status":"closed","ping_status":"closed","template":"","meta":{"footnotes":""},"class_list":["post-302","page","type-page","status-publish","hentry"],"_links":{"self":[{"href":"https:\/\/schellenbergschule.de\/index.php?rest_route=\/wp\/v2\/pages\/302","targetHints":{"allow":["GET"]}}],"collection":[{"href":"https:\/\/schellenbergschule.de\/index.php?rest_route=\/wp\/v2\/pages"}],"about":[{"href":"https:\/\/schellenbergschule.de\/index.php?rest_route=\/wp\/v2\/types\/page"}],"author":[{"embeddable":true,"href":"https:\/\/schellenbergschule.de\/index.php?rest_route=\/wp\/v2\/users\/3"}],"replies":[{"embeddable":true,"href":"https:\/\/schellenbergschule.de\/index.php?rest_route=%2Fwp%2Fv2%2Fcomments&post=302"}],"version-history":[{"count":8,"href":"https:\/\/schellenbergschule.de\/index.php?rest_route=\/wp\/v2\/pages\/302\/revisions"}],"predecessor-version":[{"id":565,"href":"https:\/\/schellenbergschule.de\/index.php?rest_route=\/wp\/v2\/pages\/302\/revisions\/565"}],"wp:attachment":[{"href":"https:\/\/schellenbergschule.de\/index.php?rest_route=%2Fwp%2Fv2%2Fmedia&parent=302"}],"curies":[{"name":"wp","href":"https:\/\/api.w.org\/{rel}","templated":true}]}}