{"id":297,"date":"2022-06-03T15:24:55","date_gmt":"2022-06-03T15:24:55","guid":{"rendered":"https:\/\/schellenbergschule.de\/?page_id=297"},"modified":"2022-06-04T16:21:18","modified_gmt":"2022-06-04T16:21:18","slug":"sicherheit-fuer-ihre-kinder","status":"publish","type":"page","link":"https:\/\/schellenbergschule.de\/?page_id=297","title":{"rendered":"Sicherheit f\u00fcr Ihre Kinder"},"content":{"rendered":"\n<h2 class=\"wp-block-heading\"><strong>Sicherheit f\u00fcr Ihre Kinder<\/strong> <img loading=\"lazy\" decoding=\"async\" width=\"150\" height=\"200\" class=\"wp-image-110\" style=\"width: 150px;\" src=\"https:\/\/schellenbergschule.de\/wp-content\/uploads\/2021\/10\/DSC03833-scaled.jpg\" alt=\"\" srcset=\"https:\/\/schellenbergschule.de\/wp-content\/uploads\/2021\/10\/DSC03833-scaled.jpg 1920w, https:\/\/schellenbergschule.de\/wp-content\/uploads\/2021\/10\/DSC03833-225x300.jpg 225w, https:\/\/schellenbergschule.de\/wp-content\/uploads\/2021\/10\/DSC03833-768x1024.jpg 768w, https:\/\/schellenbergschule.de\/wp-content\/uploads\/2021\/10\/DSC03833-1152x1536.jpg 1152w, https:\/\/schellenbergschule.de\/wp-content\/uploads\/2021\/10\/DSC03833-1536x2048.jpg 1536w\" sizes=\"auto, (max-width: 150px) 100vw, 150px\" \/><\/h2>\n\n\n\n<p>Wenn Sie Ihr Kind mit dem Auto zur Schule bringen oder von der Schule abholen, so halten Sie bitte auf dem <strong>Parkplatz<\/strong> oder in den benachbarten Stra\u00dfen. Leider kommt es immer wieder vor, dass Busse vor der Schule nicht halten k\u00f6nnen bzw. bei der Abfahrt behindert werden. Bitte denken Sie an ein sicheres Verhalten im Stra\u00dfenverkehr, zum Schutz Ihrer Kinder! Vereinbaren Sie gemeinsam mit Ihrem Kind einen sicheren Treffpunkt. Danke!<\/p>\n\n\n\n<p>Zur Sicherheit Ihrer Kinder werden die T\u00fcren w\u00e4hrend der Unterrichtszeit abgeschlossen.&nbsp;<\/p>\n\n\n\n<p>Eine Fr\u00fchaufsicht ist ab 7.45 Uhr auf dem Schulhof gew\u00e4hrleistet.<\/p>\n\n\n\n<p>In dringenden Notf\u00e4llen k\u00f6nnen Sie uns \u00fcber die Klingelanlage am Haupteingang erreichen oder Sie melden sich beim 1. Schuljahr im unteren Stock.<\/p>\n","protected":false},"excerpt":{"rendered":"<p>Sicherheit f\u00fcr Ihre Kinder Wenn Sie Ihr Kind mit dem Auto zur Schule bringen oder von der Schule abholen, so halten Sie bitte auf dem Parkplatz oder in den benachbarten Stra\u00dfen. Leider kommt es immer wieder vor, dass Busse vor der Schule nicht halten k\u00f6nnen bzw. bei der Abfahrt behindert werden. Bitte denken Sie an&#8230;<\/p>\n","protected":false},"author":3,"featured_media":0,"parent":0,"menu_order":0,"comment_status":"closed","ping_status":"closed","template":"","meta":{"footnotes":""},"class_list":["post-297","page","type-page","status-publish","hentry"],"_links":{"self":[{"href":"https:\/\/schellenbergschule.de\/index.php?rest_route=\/wp\/v2\/pages\/297","targetHints":{"allow":["GET"]}}],"collection":[{"href":"https:\/\/schellenbergschule.de\/index.php?rest_route=\/wp\/v2\/pages"}],"about":[{"href":"https:\/\/schellenbergschule.de\/index.php?rest_route=\/wp\/v2\/types\/page"}],"author":[{"embeddable":true,"href":"https:\/\/schellenbergschule.de\/index.php?rest_route=\/wp\/v2\/users\/3"}],"replies":[{"embeddable":true,"href":"https:\/\/schellenbergschule.de\/index.php?rest_route=%2Fwp%2Fv2%2Fcomments&post=297"}],"version-history":[{"count":3,"href":"https:\/\/schellenbergschule.de\/index.php?rest_route=\/wp\/v2\/pages\/297\/revisions"}],"predecessor-version":[{"id":341,"href":"https:\/\/schellenbergschule.de\/index.php?rest_route=\/wp\/v2\/pages\/297\/revisions\/341"}],"wp:attachment":[{"href":"https:\/\/schellenbergschule.de\/index.php?rest_route=%2Fwp%2Fv2%2Fmedia&parent=297"}],"curies":[{"name":"wp","href":"https:\/\/api.w.org\/{rel}","templated":true}]}}