{"id":293,"date":"2022-06-03T15:23:34","date_gmt":"2022-06-03T15:23:34","guid":{"rendered":"https:\/\/schellenbergschule.de\/?page_id=293"},"modified":"2022-06-05T20:25:57","modified_gmt":"2022-06-05T20:25:57","slug":"hausaufgaben","status":"publish","type":"page","link":"https:\/\/schellenbergschule.de\/?page_id=293","title":{"rendered":"Hausaufgaben"},"content":{"rendered":"\n<h2 class=\"wp-block-heading\"><strong>Hausaufgaben<\/strong>       <img loading=\"lazy\" decoding=\"async\" width=\"150\" height=\"200\" class=\"wp-image-116\" style=\"width: 150px;\" src=\"https:\/\/schellenbergschule.de\/wp-content\/uploads\/2021\/10\/DSC03844-scaled.jpg\" alt=\"\" srcset=\"https:\/\/schellenbergschule.de\/wp-content\/uploads\/2021\/10\/DSC03844-scaled.jpg 1920w, https:\/\/schellenbergschule.de\/wp-content\/uploads\/2021\/10\/DSC03844-225x300.jpg 225w, https:\/\/schellenbergschule.de\/wp-content\/uploads\/2021\/10\/DSC03844-768x1024.jpg 768w, https:\/\/schellenbergschule.de\/wp-content\/uploads\/2021\/10\/DSC03844-1152x1536.jpg 1152w, https:\/\/schellenbergschule.de\/wp-content\/uploads\/2021\/10\/DSC03844-1536x2048.jpg 1536w\" sizes=\"auto, (max-width: 150px) 100vw, 150px\" \/><\/h2>\n\n\n\n<p>Hausaufgaben dienen haupts\u00e4chlich der \u00dcbung und der Festigung des Unterrichtsstoffes. Bei konzentriertem Arbeiten betr\u00e4gt in Klasse 1 und 2 die Arbeitszeit ca. drei\u00dfig Minuten und in Klasse 3 und 4 ca. sechzig Minuten. Sollte es bei der Bearbeitung Schwierigkeiten geben, informieren Sie bitte die Lehrkraft. Bitte unterst\u00fctzen Sie uns dabei, um ein optimales Lernen Ihres Kindes zu gew\u00e4hrleisten.<\/p>\n\n\n\n<p>&nbsp;<\/p>\n","protected":false},"excerpt":{"rendered":"<p>Hausaufgaben Hausaufgaben dienen haupts\u00e4chlich der \u00dcbung und der Festigung des Unterrichtsstoffes. Bei konzentriertem Arbeiten betr\u00e4gt in Klasse 1 und 2 die Arbeitszeit ca. drei\u00dfig Minuten und in Klasse 3 und 4 ca. sechzig Minuten. Sollte es bei der Bearbeitung Schwierigkeiten geben, informieren Sie bitte die Lehrkraft. Bitte unterst\u00fctzen Sie uns dabei, um ein optimales Lernen&#8230;<\/p>\n","protected":false},"author":3,"featured_media":0,"parent":0,"menu_order":0,"comment_status":"closed","ping_status":"closed","template":"","meta":{"footnotes":""},"class_list":["post-293","page","type-page","status-publish","hentry"],"_links":{"self":[{"href":"https:\/\/schellenbergschule.de\/index.php?rest_route=\/wp\/v2\/pages\/293","targetHints":{"allow":["GET"]}}],"collection":[{"href":"https:\/\/schellenbergschule.de\/index.php?rest_route=\/wp\/v2\/pages"}],"about":[{"href":"https:\/\/schellenbergschule.de\/index.php?rest_route=\/wp\/v2\/types\/page"}],"author":[{"embeddable":true,"href":"https:\/\/schellenbergschule.de\/index.php?rest_route=\/wp\/v2\/users\/3"}],"replies":[{"embeddable":true,"href":"https:\/\/schellenbergschule.de\/index.php?rest_route=%2Fwp%2Fv2%2Fcomments&post=293"}],"version-history":[{"count":5,"href":"https:\/\/schellenbergschule.de\/index.php?rest_route=\/wp\/v2\/pages\/293\/revisions"}],"predecessor-version":[{"id":400,"href":"https:\/\/schellenbergschule.de\/index.php?rest_route=\/wp\/v2\/pages\/293\/revisions\/400"}],"wp:attachment":[{"href":"https:\/\/schellenbergschule.de\/index.php?rest_route=%2Fwp%2Fv2%2Fmedia&parent=293"}],"curies":[{"name":"wp","href":"https:\/\/api.w.org\/{rel}","templated":true}]}}