{"id":288,"date":"2022-06-03T15:22:04","date_gmt":"2022-06-03T15:22:04","guid":{"rendered":"https:\/\/schellenbergschule.de\/?page_id=288"},"modified":"2022-06-04T08:02:41","modified_gmt":"2022-06-04T08:02:41","slug":"krankmeldung","status":"publish","type":"page","link":"https:\/\/schellenbergschule.de\/?page_id=288","title":{"rendered":"Krankmeldung"},"content":{"rendered":"\n<h2 class=\"wp-block-heading\"><strong>Krankmeldung<\/strong><\/h2>\n\n\n\n<p>Wir hoffen und w\u00fcnschen allen viel Gesundheit. Sollte Ihr Kind dennoch erkranken, so melden Sie sich bitte unbedingt am ersten Krankheitstag, noch vor dem Unterricht. Sie erreichen uns ab 7.30 Uhr telefonisch in der Schule (02664-6763). Eine schriftliche Entschuldigung erbitten wir dann, wenn Ihr Kind wieder in die Schule kommt. Soll Ihr Kind aus gesundheitlichen Gr\u00fcnden in den Pausen im Geb\u00e4ude bleiben, so geben Sie Ihrem Kind eine kurze Notiz mit. Danke!<\/p>\n\n\n\n<p>Kinder, die an einer meldepflichtigen oder \u00fcbertragbaren und ansteckenden Krankheit, u.a. Borkenflechte, Keuchhusten, Kr\u00e4tze, Masern, Mumps, R\u00f6teln, Windpocken erkrankt sind, d\u00fcrfen solange nicht am Unterricht teilnehmen, bis der Arzt oder das Gesundheitsamt eine Wiederaufnahme am Unterricht bef\u00fcrwortet.<\/p>\n\n\n\n<p>Bei Lungentuberkulose, virusbedingten Fiebererkrankungen (Ebola-Fieber, Lassafieber, Marburger-Virus-Krankheit), Diphterie, Cholera, Typhus, Poliomyelitis, Kr\u00e4tze und bei wiederholtem Kopflausbefall ist eine schriftliche Best\u00e4tigung durch den Arzt oder des Gesundheitsamtes erforderlich.<\/p>\n\n\n\n<p>Bei Mumps, Cholera, Typhus, ansteckender Gelbsucht und Diphterie d\u00fcrfen auch die Geschwister der Erkrankten bis zur Aufhebung durch das Gesundheitsamt zum Schutz der anderen Kinder die Schule nicht besuchen und benutzen.<\/p>\n","protected":false},"excerpt":{"rendered":"<p>Krankmeldung Wir hoffen und w\u00fcnschen allen viel Gesundheit. Sollte Ihr Kind dennoch erkranken, so melden Sie sich bitte unbedingt am ersten Krankheitstag, noch vor dem Unterricht. Sie erreichen uns ab 7.30 Uhr telefonisch in der Schule (02664-6763). Eine schriftliche Entschuldigung erbitten wir dann, wenn Ihr Kind wieder in die Schule kommt. Soll Ihr Kind aus&#8230;<\/p>\n","protected":false},"author":3,"featured_media":0,"parent":0,"menu_order":0,"comment_status":"closed","ping_status":"closed","template":"","meta":{"footnotes":""},"class_list":["post-288","page","type-page","status-publish","hentry"],"_links":{"self":[{"href":"https:\/\/schellenbergschule.de\/index.php?rest_route=\/wp\/v2\/pages\/288","targetHints":{"allow":["GET"]}}],"collection":[{"href":"https:\/\/schellenbergschule.de\/index.php?rest_route=\/wp\/v2\/pages"}],"about":[{"href":"https:\/\/schellenbergschule.de\/index.php?rest_route=\/wp\/v2\/types\/page"}],"author":[{"embeddable":true,"href":"https:\/\/schellenbergschule.de\/index.php?rest_route=\/wp\/v2\/users\/3"}],"replies":[{"embeddable":true,"href":"https:\/\/schellenbergschule.de\/index.php?rest_route=%2Fwp%2Fv2%2Fcomments&post=288"}],"version-history":[{"count":2,"href":"https:\/\/schellenbergschule.de\/index.php?rest_route=\/wp\/v2\/pages\/288\/revisions"}],"predecessor-version":[{"id":290,"href":"https:\/\/schellenbergschule.de\/index.php?rest_route=\/wp\/v2\/pages\/288\/revisions\/290"}],"wp:attachment":[{"href":"https:\/\/schellenbergschule.de\/index.php?rest_route=%2Fwp%2Fv2%2Fmedia&parent=288"}],"curies":[{"name":"wp","href":"https:\/\/api.w.org\/{rel}","templated":true}]}}