{"id":128,"date":"2021-10-29T13:57:08","date_gmt":"2021-10-29T13:57:08","guid":{"rendered":"https:\/\/schellenbergschule.de\/?page_id=128"},"modified":"2024-09-11T12:05:42","modified_gmt":"2024-09-11T12:05:42","slug":"ueber-uns","status":"publish","type":"page","link":"https:\/\/schellenbergschule.de\/?page_id=128","title":{"rendered":"\u00dcber uns"},"content":{"rendered":"\n<h2 class=\"wp-block-heading\">Schulprofil<\/h2>\n\n\n\n<p style=\"font-size:20px\"><strong><u class=\"\">Allgemeines Schulprofil der Grundschule Schellenberg-Schule in <\/u><\/strong><\/p>\n\n\n\n<p style=\"font-size:20px\"><strong><u class=\"\">Hellenhahn-Schellenberg<\/u><\/strong> <strong><u class=\"\">im Schuljahr 2024\/2025<\/u><\/strong><\/p>\n\n\n\n<p style=\"font-size:20px\"><img loading=\"lazy\" decoding=\"async\" width=\"250\" height=\"161\" class=\"wp-image-191\" style=\"width: 250px;\" src=\"https:\/\/schellenbergschule.de\/wp-content\/uploads\/2022\/05\/cropped-cropped-Logo_Schellenberg_Druckhaus-2-edited.jpg\" alt=\"\" srcset=\"https:\/\/schellenbergschule.de\/wp-content\/uploads\/2022\/05\/cropped-cropped-Logo_Schellenberg_Druckhaus-2-edited.jpg 512w, https:\/\/schellenbergschule.de\/wp-content\/uploads\/2022\/05\/cropped-cropped-Logo_Schellenberg_Druckhaus-2-edited-300x193.jpg 300w\" sizes=\"auto, (max-width: 250px) 100vw, 250px\" \/><\/p>\n\n\n\n<p>Die Schellenberg-Schule ist eine einz\u00fcgige Grundschule, in der im aktuellen Schuljahr 62 Kinder in vier Klassen unterrichtet werden. Die Mehrzahl der Sch\u00fcler stammt aus Hellenhahn-Schellenberg, 15 Sch\u00fcler werden mit dem Bus aus Neustadt zur Grundschule gebracht. \u00a0\u00a0\u00a0\u00a0\u00a0\u00a0\u00a0\u00a0\u00a0\u00a0<\/p>\n\n\n\n<p>4 Lehrkr\u00e4fte,1 Referendarin und 1 Fachlehrerin unterrichten die Sch\u00fcler.<\/p>\n\n\n\n<p>Von den 62 Kindern sind im aktuellen Schuljahr 33 Sch\u00fcler f\u00fcr das Betreuungsangebot angemeldet, viele Kinder nutzen die erweiterte Betreuungszeit mit einem warmen Mittagessen und der anschlie\u00dfenden Lernzeit. In diesem Bereich sind insgesamt f\u00fcnf Mitarbeiter besch\u00e4ftigt, die im Wechsel die Betreuung der Kinder gew\u00e4hrleisten, die Lernzeit beaufsichtigen und die Sch\u00fcler bei den Hausaufgaben angemessen unterst\u00fctzen.<\/p>\n\n\n\n<p>Das Betreuungsangebot findet morgens von 7.30 \u2013 7.50 Uhr und mittags von 12.10 \u2013 13.00 Uhr statt. Sch\u00fcler, die zur erweiterten Betreuungszeit angemeldet sind, erhalten um 13.00 das Mittagessen. Nach der Mittagspause findet von 13.45 \u2013 14.45 Uhr die Lernzeit statt. Das Betreuungsangebot kann flexibel genutzt werden, indem Eltern ihre Kinder nur tageweise zu den unterschiedlichen M\u00f6glichkeiten der Betreuung anmelden k\u00f6nnen.<\/p>\n\n\n\n<p>Die p\u00e4dagogischen Leitvorstellungen unserer Grundschule beruhen auf dem Leitsatz:<\/p>\n\n\n\n<p>\u201eWenn&nbsp;<strong>Kinder klein<\/strong>&nbsp;sind,&nbsp;<strong>gib ihnen Wurzeln<\/strong>, wenn sie gro\u00df sind, verleih ihnen Fl\u00fcgel.\u201c<\/p>\n\n\n\n<p>Johann Wolfgang von&nbsp;<strong>Goethe<\/strong>&nbsp;(1749 \u2013 1832).<img loading=\"lazy\" decoding=\"async\" width=\"250\" height=\"333\" class=\"wp-image-252\" style=\"width: 250px;\" src=\"https:\/\/schellenbergschule.de\/wp-content\/uploads\/2022\/05\/DSC03814-scaled.jpg\" alt=\"\" srcset=\"https:\/\/schellenbergschule.de\/wp-content\/uploads\/2022\/05\/DSC03814-scaled.jpg 1920w, https:\/\/schellenbergschule.de\/wp-content\/uploads\/2022\/05\/DSC03814-225x300.jpg 225w, https:\/\/schellenbergschule.de\/wp-content\/uploads\/2022\/05\/DSC03814-768x1024.jpg 768w, https:\/\/schellenbergschule.de\/wp-content\/uploads\/2022\/05\/DSC03814-1152x1536.jpg 1152w, https:\/\/schellenbergschule.de\/wp-content\/uploads\/2022\/05\/DSC03814-1536x2048.jpg 1536w\" sizes=\"auto, (max-width: 250px) 100vw, 250px\" \/><\/p>\n\n\n\n<p>Unter diesem Grundsatz ist es unser Ziel, gute Fundamente in allen Bereichen des Lernens zu legen. Wir legen Wert auf einen respektvollen Umgang miteinander und vermitteln ein klares Werte- und Regelsystem. <\/p>\n\n\n\n<p>In diesem Gef\u00fcge<\/p>\n\n\n\n<ul class=\"wp-block-list\">\n<li>sollen sich die Sch\u00fcler entfalten,<\/li>\n\n\n\n<li>sollen sie fachliche und methodische Kompetenzen erwerben,<\/li>\n\n\n\n<li>sollen ihre individuellen St\u00e4rken gef\u00f6rdert und gefordert werden,<\/li>\n\n\n\n<li>sollen sie zu eigenverantwortlichem Handeln bef\u00e4higt werden <\/li>\n\n\n\n<li>sollen sie\u00a0lernen, Selbstverantwortung zu \u00fcbernehmen <\/li>\n\n\n\n<li>sollen ihnen dadurch Werte und Haltungen vermittelt werden.<img decoding=\"async\" src=\"data:application\/vnd.openxmlformats-officedocument.wordprocessingml.document;base64,UEsDBBQABgAIAAAAIQAykW9XZgEAAKUFAAATAAgCW0NvbnRlbnRfVHlwZXNdLnhtbCCiBAIooAACAAAAAAAAAAAAAAAAAAAAAAAAAAAAAAAAAAAAAAAAAAAAAAAAAAAAAAAAAAAAAAAAAAAAAAAAAAAAAAAAAAAAAAAAAAAAAAAAAAAAAAAAAAAAAAAAAAAAAAAAAAAAAAAAAAAAAAAAAAAAAAAAAAAAAAAAAAAAAAAAAAAAAAAAAAAAAAAAAAAAAAAAAAAAAAAAAAAAAAAAAAAAAAAAAAAAAAAAAAAAAAAAAAAAAAAAAAAAAAAAAAAAAAAAAAAAAAAAAAAAAAAAAAAAAAAAAAAAAAAAAAAAAAAAAAAAAAAAAAAAAAAAAAAAAAAAAAAAAAAAAAAAAAAAAAAAAAAAAAAAAAAAAAAAAAAAAAAAAAAAAAAAAAAAAAAAAAAAAAAAAAAAAAAAAAAAAAAAAAAAAAAAAAAAAAAAAAAAAAAAAAAAAAAAAAAAAAAAAAAAAAAAAAAAAAAAAAAAAAAAAAAAAAAAAAAAAAAAAAAAAAAAAAAAAAAAAAAAAAAAAAAAAAAAAAAAAAAAAAAAAAAAAAAAAAAAAAAAAAAAAAAAAAAAAAAAAAAAAAAAAAAAAAAAAAAAAAAAAAAAAAAAAAAAAAAAAAAAAAAAAAAAAAAAAAAAAAAAAAAAAAAAAAAAAAAAAAAAAAAAAAAAAAAAAAAAAAAAAAAAAAAAAAAAAAAAAAAAAAAAAAC0lMtqwzAQRfeF\/oPRtthKuiilxMmij2UbaPoBijRORPVCo7z+vuM4MaUkMTTJxiDP3HvPCDGD0dqabAkRtXcl6xc9loGTXmk3K9nX5C1\/ZBkm4ZQw3kHJNoBsNLy9GUw2ATAjtcOSzVMKT5yjnIMVWPgAjiqVj1YkOsYZD0J+ixnw+17vgUvvEriUp9qDDQcvUImFSdnrmn43JBEMsuy5aayzSiZCMFqKRHW+dOpPSr5LKEi57cG5DnhHDYwfTKgrxwN2ug+6mqgVZGMR07uw1MVXPiquvFxYUhanbQ5w+qrSElp97Rail4BId25N0Vas0G7Pf5TDLewUIikvD9Jad0Jg2hjAyxM0vt3xkBIJrgGwc+5EWMH082oUv8w7QSrKnYipgctjtNadEInWADTf\/tkcW5tTkdQ5jj4grZX4j7H3e6NW5zRwgJj06VfXJpL12fNBvZIUqAPZfLtkhz8AAAD\/\/wMAUEsDBBQABgAIAAAAIQAekRq37wAAAE4CAAALAAgCX3JlbHMvLnJlbHMgogQCKKAAAgAAAAAAAAAAAAAAAAAAAAAAAAAAAAAAAAAAAAAAAAAAAAAAAAAAAAAAAAAAAAAAAAAAAAAAAAAAAAAAAAAAAAAAAAAAAAAAAAAAAAAAAAAAAAAAAAAAAAAAAAAAAAAAAAAAAAAAAAAAAAAAAAAAAAAAAAAAAAAAAAAAAAAAAAAAAAAAAAAAAAAAAAAAAAAAAAAAAAAAAAAAAAAAAAAAAAAAAAAAAAAAAAAAAAAAAAAAAAAAAAAAAAAAAAAAAAAAAAAAAAAAAAAAAAAAAAAAAAAAAAAAAAAAAAAAAAAAAAAAAAAAAAAAAAAAAAAAAAAAAAAAAAAAAAAAAAAAAAAAAAAAAAAAAAAAAAAAAAAAAAAAAAAAAAAAAAAAAAAAAAAAAAAAAAAAAAAAAAAAAAAAAAAAAAAAAAAAAAAAAAAAAAAAAAAAAAAAAAAAAAAAAAAAAAAAAAAAAAAAAAAAAAAAAAAAAAAAAAAAAAAAAAAAAAAAAAAAAAAAAAAAAAAAAAAAAAAAAAAAAAAAAAAAAAAAAAAAAAAAAAAAAAAAAAAAAAAAAAAAAAAAAAAAAAAAAAAAAAAAAAAAAAAAAAAAAAAAAAAAAAAAAAAAAAAAAAAAAAAAAAAAAAAAAAAAAAAAAAAAAAAAAAAAAAAAAAAAAAAAAAAAAAAAAAAAAAAAAAAAAAAArJLBasMwDEDvg\/2D0b1R2sEYo04vY9DbGNkHCFtJTBPb2GrX\/v082NgCXelhR8vS05PQenOcRnXglF3wGpZVDYq9Cdb5XsNb+7x4AJWFvKUxeNZw4gyb5vZm\/cojSSnKg4tZFYrPGgaR+IiYzcAT5SpE9uWnC2kiKc\/UYySzo55xVdf3mH4zoJkx1dZqSFt7B6o9Rb6GHbrOGX4KZj+xlzMtkI\/C3rJdxFTqk7gyjWop9SwabDAvJZyRYqwKGvC80ep6o7+nxYmFLAmhCYkv+3xmXBJa\/ueK5hk\/Nu8hWbRf4W8bnF1B8wEAAP\/\/AwBQSwMEFAAGAAgAAAAhALyWWrL1BgAACyEAABEAAAB3b3JkL2RvY3VtZW50LnhtbNxaW3PTOBR+35n9DyJPuzMBJ72EkKFlytJ2WWCmQ4Gd4YWR7WNbE1nySnJM+T39DfvUt\/yxPUe2k4akkITLQvOAI0v6dC7fuajh4aP3uWQTMFZoddDp3+t1GKhIx0KlB53Xr07uDjvMOq5iLrWCg84F2M6jw19\/eViNYh2VOSjHEELZUVVEB53MuWIUBDbKIOf2Xi4io61O3L1I54FOEhFBUGkTBzu9fs9\/K4yOwFo87w+uJtx2Grjo\/XposeEVbibAvSDKuHHwfo7R3xhkP3gQDJeBdrYAQg13+stQuxtDDQKSaglobysglGoJaX87pBXKDbZD2llGur8d0u4y0nA7pCU65csE1wUonEy0ybnDoUmDnJtxWdxF4II7EQop3AVi9gYtDBdqvIVEuGuGkO\/GGyPcD3Idg9yNWxR90CmNGjX77872k+ijen\/zaHeYdfSvtzxpkoPXPDAg0RZa2UwUswjPt0XDyawFmXxKiUku23VV0V8zXG5KT09qU84B1xG\/sX8ua8k\/jdjvreERgpjtWEeExTNbSXJk4fzgrUxzzbj9NRNIC7CzBDCIxJqUbjFqa6I+uPMajoXNYPZbGHuRz0O9KtIvY8up0WUxRxNfhvZ0HvsVVeENsBrWXY8E+2XCnGe8wJSQR6OnqdKGhxIlQg4xpAHzHqB\/0SuMgq5ziK1CqOMLehasGmGrEb886PR6O8Peg+EfnfbVmaGXvcHO\/vHR7OUTSHgpHc0MB\/vDk4GHK84MPUz9CIPDh0EzCuaTK3Fv2FaN3OFrZcEAO9UyBgWKvYQUpGIxWPa2tDzH\/CMhBGVZqWJ2ZEIQDkeE4Wqk+vglPRvBb1Yp+NyWH8I07EhJgTZRTFjX3Vjt\/1uHmFvLuJTAzqNseiVRIV5GGXsm0JsWBHp6emUSUPd+YtVeICExpBU7gYw0zLkf\/dyaVcKwZ1olUowdMCWizNGNJfYh2WVWqxiMYuhCYGPsMZwpx05M0NHOYIyOUdbSMLQLT76vEUpcPOHyoENZUwLF+RY2+QQKKXIUghl9hSTkT6whjy1LRejYuXClb9vIzBQgPi8W2gpv3jd4a3TTS+x2VUornuvQp8ba7GhvSa7yk43XeGlxiijZZWWO7MR6MsFZ7EubaIx5CQYdhZkVcab\/mnr7Nbfi9dSllIY+lEiMMTqUHQuV4Yl0HBBTLPxT4jzusxqjQrEMZEJnxmIh+hPSiBkSTdApf0PKPpQsmV5lZhui\/ISZ\/QQzA0XOzKuWDFTKsRQ5Z1gAyRGJlmieGFha18amNC6yjoq8HtPl59zhrQkFoYauR0opnmOH8O5UP+bRuLZJu\/YY+dKurEXbwsrNzNlqgxXn7gJTYxNEz7F4geKh5e5DLYoq83qhkBPZLvPS+LmnJKB\/128kbDZcs3ptyxmzKAieA3LIsIyHlH+5RZshzbos4aJeYMAWMHYTZCgLIeNoX+mIfhWmtiZAxhgABRgitt9jAaTAwELHWBrjamy+RPh1yPqdzLj7GTM+84n8MaBisUib3DL2L9HCcnqZYpsm5i+fQD69cs1KBi76iWzxGUpRxz6yBY8wfAokDJgJdA6PFpqYJYaRHSylTs8mXIJJ+w775jahNqoaSUhwy\/2dWTQvuNZLflNkLMpdKgfGp+bvQe61hedeIBTbYPnosrR0VC6MLySvZyKzicbrAVVB8MpQe3nnh1Dit1NMO2Z6GWX2rk8pzyQWYVDGZ\/Qu+xNLNGqWknO6zSXH5hwVE1x22dn0So19ocXYc20ENsuwJ6sACynVbB+Hv9+aQKyd\/xFlZyzwXapAVrPzut8uVQiYpqeXmMDcrU3RpOxcT3R6zQd2rFxF7QI2DgZyeh5Te+XK\/Gtcln9kQlBL6U2DMUTxX\/dScPs8H2W5QP0W6vBbfx1oOvYu4\/jIgXIL9pRvqKn3vWTddRv2SgsJDu9zt6pgH\/4FpBxGBPZylto2rvyto+6Yu\/UlB6PDX1cZNX1UC7FcZPgAVyGVEi7rFo8u7w455m4df47oHoiJ4fb4fdaOYRGsKypTpWG5cOwYX5ShEtb\/KbHufui7mtVeXuaBzyI+XaQQTi\/L+FtlDa\/bAsrNt8\/FmY9t3Kj+buWHXf+sXoKfBRVbRB56GW9C\/mjXhoZZSyXfyWEQGpE4n62OMXeZRbouSLtagdXtu7fIRyfYgE5pSRSITxy1Uj5i1djwxG0k4qIBLUTuzKyworduev4BpyqMhP4D+imzGmX4fTDcHTaMSl9w2ux0ge\/3+ve9iUWaufkw1M7pnCB292hct6rtbAYcVcHWtTekYaK1uzbETtsPm+CMtLT4tjEurfGvYx2dGvrhYSQxz5wJF6GUu4O2F65V9F\/rXySC+f9iOPwPAAD\/\/wMAUEsDBBQABgAIAAAAIQCzvosdBQEAALYDAAAcAAgBd29yZC9fcmVscy9kb2N1bWVudC54bWwucmVscyCiBAEooAABAAAAAAAAAAAAAAAAAAAAAAAAAAAAAAAAAAAAAAAAAAAAAAAAAAAAAAAAAAAAAAAAAAAAAAAAAAAAAAAAAAAAAAAAAAAAAAAAAAAAAAAAAAAAAAAAAAAAAAAAAAAAAAAAAAAAAAAAAAAAAAAAAAAAAAAAAAAAAAAAAAAAAAAAAAAAAAAAAAAAAAAAAAAAAAAAAAAAAAAAAAAAAAAAAAAAAAAAAAAAAAAAAAAAAAAAAAAAAAAAAAAAAAAAAAAAAAAAAAAAAAAAAAAAAAAAAAAAAAAAAAAAAAAAAAAAAAAAAAAAAAAAAAAAAAAAAAAAAAAAAAAAAAAAAAAAAAAAAAAAAKyTzWrDMBCE74W+g9h7LTttQwmRcymBXFv3AWR7\/UP1Y6RNWr99RUoShwbTg44zYme+hdV6860VO6DzvTUCsiQFhqaydW9aAR\/F9uEFmCdpaqmsQQEjetjk93frN1SSwpDv+sGzkGK8gI5oWHHuqw619Ikd0ISXxjotKUjX8kFWn7JFvkjTJXfTDMivMtmuFuB29SOwYhzwP9m2afoKX22112joRgX3SBQ28yFTuhZJwMlJQhbw2wiLqAg0KpwCHPVcfRaz3ux1iS5sfCE4W3MQy5gQFGbxAnCUv2Y2x\/Ack6GxhgpZqgnH2ZqDeIoJ8YXl+5+TnJgnEH712\/IfAAAA\/\/8DAFBLAwQUAAYACAAAACEApNBthdIGAADDIAAAFQAAAHdvcmQvdGhlbWUvdGhlbWUxLnhtbOxZzYsbNxS\/F\/o\/DHN3\/DXjjxBvsMd2NsluErKblBy1tjyjtWZkJHk3JgRKcuqlUEhLDw301kMpDTTQ0Ev\/mIWENv0j+qSxPSNb7ibZDYSya1jr4\/eefnrv6el55srVhzF1jjAXhCUtt3yp5Do4GbAhScKWe2+\/X2i4jpAoGSLKEtxyZ1i4V7c+\/+wKuiwjHGMH5BNxGbXcSMrJ5WJRDGAYiUtsghOYGzEeIwldHhaHHB2D3pgWK6VSrRgjkrhOgmJQe3s0IgPsbi3U9ij8S6RQAwPK95RSvI4djsvqS8xEQLlzhGjLhRWG7HgfP5SuQ5GQMNFyS\/rPLW5dKS6FqNwgm5Pr67+53FxgOK5oOR4eLAU9z\/dq7aV+DaByHder92q92lKfBqDBAHaacjF11iuBN8fmQGnTortb71bLBj6nv7qGb\/vqY+A1KG16a\/h+P8hsmAOlTX8N73eana6pX4PSZm0NXy+1u17dwGtQREkyXkOX\/Fo1WOx2CRkxum2FN32vX6\/M4RmqmIuuVD6Rm2ItRoeM9wGgnYskSRw5m+ARGgAuQJQccOLskDCCwJughAkYLlVK\/VIV\/quPp1vao+gyRjnpdGgg1oYUH0cMOJnIlnsDtLo5yOtXr06evDx58vvJ06cnT36dr70ut42SMC\/39qdv\/nn+pfP3bz++ffatHS\/y+De\/fPXmjz\/\/S700aH334s3LF6+\/\/\/qvn59Z4G2ODvLwfRJj4dzCx85dFsMGLQvgA\/5+EvsRInmJdhIKlCAlY0H3ZGSgb80QRRZcB5t2vM8hXdiA16aHBuG9iE8lsQBvRrEB3GWMdhi37ummWitvhWkS2hfn0zzuLkJHtrWDFS\/3phOIe2JTGUTYoHmHgstRiBMsHTXHxhhbxB4QYth1lww4E2wknQfE6SBiNck+OTCiKRPaJjH4ZWYjCP42bLN73+kwalPfxUcmEs4GojaVmBpmvIamEsVWxiimeeQOkpGN5N6MDwyDCwmeDjFlTm+IhbDJ3OYzg+5NSDN2t+\/SWWwiuSRjG3IHMZZHdtk4iFA8sXImSZTHXhdjCFHk3GHSSoKZJ0T1wQ8o2eju+wQb7j79bN+DNGQPEDUz5bYjgZl5Hmd0hLBNeZvHRoptc2KNjs40NEJ7B2OKjtEQY+fedRueTQybZ6RvRJBVtrHNNjeQGauqn2CBHV3cWBxLhBGyezhkG\/jszlYSzwwlMeKbNN8amyHTg6sutsYrHYyNVEq4OrR2ErdFbOxvo9Y7ETLCSvWFPV5n3PDfu5wxkDn8ABn83jKQ2N\/ZNvuIGgtkAbOPoMqwpVsQMdyfiajjpMWmVrmReWgzNxRXip6YJKdWQCu1j\/\/xah+oMF7\/8NyCPZ96xw48S6WzKZms1jebcKtVTcD4kHz6RU0XTZM7GO4RC\/Siprmoaf73Nc2m83xRyVxUMheVjF3kI1QyWfGiHwEtHvRoLfHGpz4jQumenFG8I3TZI+DsD\/swqDtaaPmQaRJBc76cgQs50m2HM\/kFkdFehCawTFmvEIq56lA4EyagcNLDVt1qgk7jXTZMR8vlxXNNEEAyG4fCazEOZZpMR2v17AHeUr3uhfpB64KAkn0fErnFTBJVC4n6YvAUEnpn58KiaWHRUOo3stBfc6\/A5eQg9TDc91JGEG4Q0kPlp1R+4d1z9\/QmY5rbrli211Rcz8fTBolcuJkkcmEYweWxOnzOvm5mLjXoKVOs06g3PoavVRJZyQ00MXvOMZy5qg9qBmjSckfwkwma8QT0CZWpEA2TljuQc0N\/SGaZcCG7SEQpTE+l+4+JxNyhJIZYz7uBJhm3cqWu9viJkmuWPj3L6a+8k\/FohAdyw0jWhblUiXX2jGDVYVMgvRcNj50DOuV3ERjKr5eVAYdEyKU1h4Tngjuz4kq6mh9F431LdkQRnURofqPkk3kK1+0lndw+NNPVXZn9+WYOQuWkM9+6pwupiVzS3HCBqFvTnj8+3iWfY5XlfYNVmrpXc11zkes23RJnvxBy1LLFDGqKsYVaNmpSO8eCILfcMjQ33RHnfRusRq26IBZ1pe6tvdhmB4cQ+V2oVqdUCk0VfrVwFCxeSaaZQI8usstD6Uw5abmPSn7bCyp+UCg1\/F7Bq3qlQsNvVwtt36+We3651O1UHoNRZBSX\/XTtPvzYp7P5G3s9vvbWPl6U2pcGLC4yXQcXtbB+a1+uWN7aO\/tq3nUIWOZRrdJvVpudWqFZbfcLXrfTKDSDWqfQrQX1br8b+I1m\/7HrHGmw164GXq3XKNTKQVDwaiVFv9Es1L1Kpe3V242e1348tzXsfPG9MK\/mtfUvAAAA\/\/8DAFBLAwQUAAYACAAAACEAprDHpRsEAAA7CwAAEQAAAHdvcmQvc2V0dGluZ3MueG1stFZtb9s2EP4+YP\/B0Oe5kmVbcbU6hV+XFPFa1BkG7BslnWwipEiQlB132H\/fkRIjZwmKpEO+JNQ9d88dj\/fiDx\/vOesdQGkqqmkweBcFPahyUdBqNw3+uF33J0FPG1IVhIkKpsEJdPDx8uefPhxTDcagmu4hRaVTnk+DvTEyDUOd74ET\/U5IqBAsheLE4KfahZyou1r2c8ElMTSjjJpTGEdRErQ0YhrUqkpbij6nuRJalMaapKIsaQ7tP2+hXuK3MVmKvOZQGecxVMAwBlHpPZXas\/EfZUNw70kO37vEgTOvdxxEL7juUajiweIl4VkDqUQOWuMDceYDpFXnePSE6MH3O\/TdXtFRofkgcqfzyMevI4ifECQ5LV7HkbQcIVqe8Wh4Hc3Y0+gTh3tPpNlLUttANzRTRDWF2+aV5+n1rhKKZAzDwfz2MEU9F539ayO+xKb5JgTvHVMJKsfKwY6LoiC0QCF+F2ZJtWTk9IXsYC5qbDpFQTsYn1OUW0MMsqVaAmOuQ3MGBJ0f050iHHvLSxpKKEnNzC3JtkZIVDoQvONFNGng\/UnuoXId8Bf2tsdH8bjB8z1RJDegtpLk6G0hKqME83ou4AX2scIyay1cV3enbTMh0KIiHLPyqOs3ogAbea3oy5\/PGjjvAx\/ks44ETjRFC7i1r7E1JwZrDH5Lv8GsKj7V2lBkdDf\/HxF8LwDMK3r+jPVze5KwBmJqTNMbOXMvsWZUbqhSQl1XBZbWmzmjZQkKHVCsxQ2WF1Xi6PJ8BaTARfJGfmsNf6Iytu\/wFsvybi6MEfyqq+Ef9+s6MDwvX1yHhfaHr0KYB9Vokown66SJ1KIdEiXxeDV7Dokn0fvJ4jmkYwsfvPLUrpIvyp9s6fZ4Y7EgPFOU9DZ22YRWI1N3c1p5PAMcVnCObOvMg\/1+A2hOGFtjEj3gEsDTAqfPEkp3Zhuidh1vq6GeleKc+fTAZccaqN+UqGWDHhWRTUl6lcFo1FrSytxQ7uW6zrbeqsLxegbhLPx8UC5PXXqOqcEndq19Q1ypNIMJ+stVW0pMbW0ZwIZI2VRTthtMA0Z3ezOwBWDwC8fsnfvIdnGLxQ6LG8x9kNzeDLXbQyeLvexMb+hlw0428rJRJxt72biTJV6WWBlOaVA47O+wsP3RykvBmDhCcdXhT0RNEvSeSFg2uwDLSzSCdjno3iGFe1xEUFCDP\/UkLTi5t3spdmXZauNSErV5pGsxqywfMxTEkLaVw0fGrsT\/E4vdUTnFctyeeNatll+awBnVOAYkbiEjlMd+ddhghAszv8ZOwlNbVMPVYDxptulg7LaXcZMC3\/0rlHOioWgxbzpuTP+ezVez+WIU9VezZNEfDS+S\/mzyPu6vhsliGSfLdTK5+KdtUv+r9\/JfAAAA\/\/8DAFBLAwQUAAYACAAAACEA7XHnkN0EAACUJwAAEgAAAHdvcmQvbnVtYmVyaW5nLnhtbOxZ227jNhB9L9B\/MAT0MdFdlo11Fo4Ttym2i6Kbos+0TNvEiqJAynb8uv2Y9g\/6Wf2FDnXzRYlXpJPWBfwS2eTM4cyZGfrYeff+icadFeaCsGRg2NeW0cFJxKYkmQ+MXx\/HV6HRERlKpihmCR4YGyyM9zfffvNu3U+WdII5GHYAIxH9dRoNjEWWpX3TFNECUySuKYk4E2yWXUeMmmw2IxE214xPTceyrfxVylmEhQCcEUpWSBglXPTUDm3K0RqcJaBnRgvEM\/y0xbCVQXyzZ4ZNIEcDCDJ07CaUqwwVmDKqBpCnBQRRNZB8PaRnkgv0kJwmUlcPyW0ihXpIjXaizQZnKU5gc8Y4RRm85XOTIv55mV4BcIoyMiExyTaAaQUVDCLJZ42IwKtGoO5UGaFrUjbFsTutUNjAWPKkX\/pf1f4y9H7hXz4qD94m\/8LljkVLipMsz9zkOAYuWCIWJK0nnOqiweaiAlkdS2JF48pundotx+Wl6+muoHIL2Cb8kn8aF5EfR7StFhWRELVHmxD2z6wiodCF24O1qNkh1255gVQATgMgiEjLlq4wCjYhH\/DcwRFYDcavYMSGbkd9nc5P65bvOVumWzRyGtrDdvbX8mNYAavsut1JEKcF82mBUrgSaNR\/mCeMo0kMEUEPdaANOnkF5F+oSkcOnXEDWgFNRMZRlH1c0s7euwcoOmgO8OxzDEKDy8VCVgxnGea3HKPP0kSiJEJi9lcoHhhez\/H9UegYptyhyzgjH\/AKx4+bFFc2i82Ek+lPci+We4VtRtO4srh1x0Ho2SVKvJIbBB5FUP0sjeHKv7uznVt7WMSQx1i524UfKKExrRcnyzjGWY34iJ\/qrat69ceoWovxrDROf+byQRKZpFyGA6wwD2SBknkuydzAksZmbc3Lx5glmZDciohAs41QTCB56YuRyIaCoEcoNRSKEqjZD0PgMgeWL\/bMI7H3dkESiGOKZwhoLI\/OzzTzPA5ps7e0WZ7VtSzLzVfg7oYPgBWWFifTyJRpDC1NGtmSE8w7H\/F6l6391ZyxA0M11pwGa\/7rs\/b3lz9UeXN8R4+338BafocQO6ztr6kRVDTRLkFFo70yQX+pEuQ6nh5BnzZ0wuIddnYW1KjxznLi3F5w1hNXzNf5TZwXaF74rz1xwZlOnO9pXuWvN3Hds5y4wNa8q\/+liQvPdOJA\/\/1XE2fuSWF5xlGdLAdQWSf74X3g+fawyF9XJw+drtMbO2FNbl3WHZ0MXzWGzn23UPynlfH3P1XLqK2U90rWRivvOUQi2zG9JdOLaL6I5otovohmnYm7iGa9ibuI5oto1pu4i2jWm7j\/j2iWKkFZNAfD+\/tgNCqJ1BXNvfFo2Bt2vyKai7KOW5ZxiiNCUXnYQR2\/s69V69hVbf9Tla3da5lozNaYf8AZlOn5ZB3lZG3veNO2lJn2reYI5in9wihKns\/IfS4jTuaLI1rTPlAMINq\/nlJTGI41Uzrajp5yhZzw+Ad5SzEHTXZChY41na+cEmSgkVJDab1Z0wXqTee5B7dGq6ZraqM3abqucoV8S+daaOiZt2u6UD2l7vEvEi3Fxps1XU+96QLv4Gp4oema8iDJZUFS\/YYml\/Y0QnV+\/k9gM7dsuDkvu1VRPOfmvuyW81a5Fc9Cmdz8AwAA\/\/8DAFBLAwQUAAYACAAAACEAO+9\/TssLAADZcgAADwAAAHdvcmQvc3R5bGVzLnhtbLydWXPbOBLH37dqvwNLT7sPjiwfspMaZ8px4rVr4sQTOZtniIQsrElCC5I+5tMvAJIS5SYoNtjrl8Q6+oej+99A89Jvvz8ncfDIVSZkejaavNsfBTwNZSTS+7PRz7vLvdNRkOUsjVgsU342euHZ6PePf\/\/bb08fsvwl5lmgAWn2IQnPRss8X30Yj7NwyROWvZMrnuoPF1IlLNcv1f04YeqhWO2FMlmxXMxFLPKX8cH+\/nRUYVQfilwsRMg\/y7BIeJpb+7HisSbKNFuKVVbTnvrQnqSKVkqGPMv0oJO45CVMpGvM5AiAEhEqmclF\/k4PpuqRRWnzyb79K4k3gGMc4AAApqGIcIxpxRhrywYn4zjMcY3JXhL+PAqS8MP1fSoVm8eapKcm0KMLLNj8axr7qIMjkuFnvmBFnGfmpbpV1cvqlf3vUqZ5Fjx9YFkoxJ3ujCYmQsOvztNMjPQnnGX5eSZY64dL80frJ2GWN97+JCIxGpsWs7\/0h48sPhsdHNTvXJgebL0Xs\/S+fi\/ie5+\/NHtyNuLp3s+ZeWuuuWcjpvZm58ZwXA2s\/L8x3NXrV7bhFQuFbYctcq7jfjLdN9BYGJkdHL+vX\/wozESzIpdVIxZQ\/r\/GjsGMazloccxKjepP+eKrDB94NMv1B2cj25Z+8+f1rRJSaR2ejd7bNvWbM56IKxFFPG18MV2KiP9a8vRnxqPN+39eWi1Vb4SySPXfhyfHNgriLPryHPKVUab+NGXGJ9+MQWy+XYhN49b8vzVsUnmizX7JmUlPweQ1wnYfhTgwFlljtO3M4tXY7bdQDR2+VUNHb9XQ8Vs1NH2rhk7eqqHTt2rIYv6fDYk04s+lEGEzgLqL41AjmuMQG5rj0BKa45AKmuNQAprjCHQ0xxHHaI4jTBGcXIauKGwE+6Ej2ru5u9cIP+7uJcGPu3sF8OPuTvh+3N353Y+7O537cXdnbz\/u7mSN55ZbreBayyzNB6tsIWWeypwHOX8eTmOpZtmajYZnFj2uSAZJgCkzW7UQD6aFzL7eHSFWpP7reW6qukAugoW4L5Qu9Yd2nKePPNZFd8CiSPMIgYrnhXLMiE9MK77giqchpwxsOqipBIO0SOYEsbli92QsnkbE01cTSZLCOqB1\/bw0IhEEQZ2wUMnhXZOMLD98FdnwuTKQ4FMRx5yI9Y0mxCxreG1gMcNLA4sZXhlYzPDCoOEzqimqaEQzVdGIJqyiEc1bGZ9U81bRiOatohHNW0UbPm93Io9tim\/uOib9j91dxNIcZR\/cj5m4T5neAAxfbqpjpsEtU+xesdUyMEel27HNMWPb+SSjl+COYk1bk6j29TZELvSoRVoMn9AtGpW41jwiea15RAJb84ZL7EZvk80G7YqmnpkV87xVtJbUS7QzFhflhna42lg+PMI2ArgUKiOTQTuWIIK\/me2scSdF5tv0cnjHNqzhsnqdlUi7VyEJehnL8IEmDV+9rLjSZdnDYNKljGP5xCM64ixXsoy1puQPrEt6Sf5LslqyTNhaaQvRf6mvz88HN2w1eEC3MRMpjd++7CVMxAHdDuLq7uZrcCdXpsw0E0MD\/CTzXCZkzOpI4D9+8fk\/aTp4rovg9IVotOdEh4cs7EIQLDIlSUZEJL3NFKkgWUMt7w\/+MpdMRTS0W8XLS2JyTkScsWRVbjoItKXz4pPOPwS7Icv7N1PCHBeiEtUdCaxx2DAr5v\/h4fBU900GJEeGvhe5Pf5ot7rWmg43fJuwhRu+RbDe1MuDiV+CwW7hhg92C0c12IuYZZlwnkL15lENt+ZRj3d48VfxZCzVoojpJrAGks1gDSSbQhkXSZpRjtjyCAdsedTjJQwZyyM4JGd5\/1IiInOGhVF5wsKo3GBhVD6wMFIHDL9CpwEbfplOAzb8Wp0SRrQFaMCo4ox0+Sc6y9OAUcWZhVHFmYVRxZmFUcXZ4eeALxZ6E0y3xDSQVDHXQNItNGnOk5VUTL0QIb\/E\/J4RHCAtabdKLsy9EjItL+ImQJpj1DHhZrvEUTn5F5+Tdc2wKPtFcESUxbGURMfWNguOtdy+dm2Xmb2TY3AXbmMW8qWMI64cY3Lb6np5Vt6W8br7thu9Dnt+FffLPJgt10f7m5jp\/k7LumDfMtvdYNucT+v7WdrMbngkiqTuKLyZYnrY39hG9Jbx0W7jzU5iy\/K4pyVsc7rbcrNL3rI86WkJ2zztaWl1umXZpYfPTD20BsJJV\/ysazxH8J10RdHauLXZrkBaW7aF4ElXFG1JJTgPQ3O2AHqnn2bc9v3E47bHqMhNwcjJTemtKzeiS2A\/+KMwKzsmadr21ldPgLxvN9G9MuefhSyP22+dcOp\/U9e13jilGQ9aOYf9T1xtZRn3PPZON25E77zjRvROQG5Er0zkNEelJDeld25yI3onKTcCna3gioDLVtAel62gvU+2ghSfbDVgF+BG9N4OuBFooUIEWqgDdgpuBEqowNxLqJCCFipEoIUKEWihwg0YTqjQHidUaO8jVEjxESqkoIUKEWihQgRaqBCBFipEoIXqubd3mnsJFVLQQoUItFAhAi1Uu18cIFRojxMqtPcRKqT4CBVS0EKFCLRQIQItVIhACxUi0EKFCJRQgbmXUCEFLVSIQAsVItBCLW819BcqtMcJFdr7CBVSfIQKKWihQgRaqBCBFipEoIUKEWihQgRKqMDcS6iQghYqRKCFChFoodqThQOECu1xQoX2PkKFFB+hQgpaqBCBFipEoIUKEWihQgRaqBCBEiow9xIqpKCFChFooUJEV3xWpyhdl9lP8Ec9nVfs9z91VXXqR\/NW7ibqsD+q7pWb1f9ehE9SPgStNx4e2nqjH0TMYyHtIWrHafUm114SgTrx+f2i+w6fJn3gQ5eqeyHsOVMAP+prCY6pHHWFfNMSFHlHXZHetAS7zqOu7Nu0BMvgUVfStbqsL0rRyxEw7kozDeOJw7wrWzfM4RR35eiGIZzhrszcMIQT3JWPG4bHgUnOr62Pe87TdH19KSB0hWODcOImdIUl9FWdjqEw+jrNTejrPTehrxvdBJQ\/nRi8Y90otIfdKD9XQ5lhXe0vVDcB62pI8HI1wPi7GqK8XQ1Rfq6GiRHrakjAuto\/ObsJXq4GGH9XQ5S3qyHKz9VwKcO6GhKwroYErKsHLshOjL+rIcrb1RDl52q4ucO6GhKwroYErKshwcvVAOPvaojydjVE+bkaVMloV0MC1tWQgHU1JHi5GmD8XQ1R3q6GqC5X26MoW65GebhhjtuENQxxC3LDEJecG4Ye1VLD2rNaahA8qyXoq9rnuGqp6TQ3oa\/33IS+bnQTUP50YvCOdaPQHnaj\/FyNq5baXO0vVDcB62pcteR0Na5a6nQ1rlrqdDWuWnK7GlcttbkaVy21udo\/ObsJXq7GVUudrsZVS52uxlVLblfjqqU2V+OqpTZX46qlNlcPXJCdGH9X46qlTlfjqiW3q3HVUpurcdVSm6tx1VKbq3HVktPVuGqp09W4aqnT1bhqye1qXLXU5mpctdTmaly11OZqXLXkdDWuWup0Na5a6nQ1rlq60SaC4BFQs4SpPKB7XtwVy5Y5G\/5wwp+p4pmMH3kUoIc6ftr6zSrThv2FOf39XA\/UPLa8cY9RVD62tQLaL15H5sF35qfqVPkbZKZPQfU7XtWPTtmuV2dZyzatKWwsXOrWwuqRU47GzucZy\/\/aq9vMwqUSi1x7BrTueMis7c0meOpvVzO8mbbye1uT1tn53ARrR8fLyeA6pnmsv9g+V2XIu\/r4vtLwrk7qLs3j8hfP9B\/XaaQBT9WvfZWdjZ5ZidKfX+j+3LDy23Ll\/mrMF3n56WTfPnHg1efz8uF5Tntls6wTMN7uTPmy+tU1x5SXj9OvTv87pv0PLlJusknblNvrUYbOtrt\/W+JZ98h2JmU2jkGfbN7b3NhXTizTDX03grdfWcvN0e\/D6vz+RnF67jNhgsB+vr9\/Oj0+vaxWteqX8YQNEuNicx1OleRD81iE57xgcXWHdjna+rfwqlHXf2Uf\/wcAAP\/\/AwBQSwMEFAAGAAgAAAAhAL3Ujb8nAQAAjwIAABQAAAB3b3JkL3dlYlNldHRpbmdzLnhtbJTSzWoCMRAA4Huh7xBy16xSpSyuQimWXkqh7QPE7KyGZjIhE7vap2\/can\/w4l5CJsl8yYSZLXboxAdEtuQrORoWUoA3VFu\/ruTb63JwKwUn7WvtyEMl98ByMb++mrVlC6sXSCmfZJEVzyWaSm5SCqVSbDaAmocUwOfNhiLqlMO4Vqjj+zYMDGHQya6ss2mvxkUxlUcmXqJQ01gD92S2CD51+SqCyyJ53tjAJ629RGsp1iGSAeZcD7pvD7X1P8zo5gxCayIxNWmYizm+qKNy+qjoZuh+gUk\/YHwGTI2t+xnTo6Fy5h+HoR8zOTG8R9hJgaZ8XHuKeuWylL9G5OpEBx\/Gw2Xz3CEUkkX7CUuKd5FahqgOy9o5ap+fHnKg\/rXR\/AsAAP\/\/AwBQSwMEFAAGAAgAAAAhAMcb6SA0AgAAqwgAABIAAAB3b3JkL2ZvbnRUYWJsZS54bWzclEuP2jAURveV+h8i74c4gQCDJoz6GKRKVRftVF0bxyFWYzvyNTD8+17nATNDkMiGRYNkJZ\/tY\/vI3IfHF1UGO2FBGp2SaERJIDQ3mdSblPx+Xt3NSQCO6YyVRouUHASQx+XHDw\/7RW60gwDna1gonpLCuWoRhsALoRiMTCU0dubGKubw025CxezfbXXHjaqYk2tZSncIY0qnpMXYaygmzyUXXw3fKqFdPT+0okSi0VDICjra\/hra3tissoYLADyzKhueYlIfMdHkDKQktwZM7kZ4mHZHNQqnR7R+U+UJkAwDxGeAKZfZMMa0ZYQ48xUHxDBM0mHgoMQLCRRffNtoY9m6RBKqCfB0QQ32rV9s2d6NYL\/QTOGoL6yUayvrjoppAyLCvh0rU0JjuqIJtv43oWPfktAP5AWzIDykGUibOGdKlocuhb0EaDoq6XjR5Ttmpd9h0wVygx1bWNOUPFFK40+rFWmSCHfnk8nsc5vEfq36uW+T8TGhPuE1p\/6MGg6vOccxuGbYGDg3YbZWChv8EPsLNmbo4L624a1MBtlQJhNW9+jI5YvILrh4eu9iNp+Mb+HiWSoB3kTw0yimL\/iI6RSNJGjC+xgP8mFr7uDb0WMkucnt+IMFyBde6HWRdIjT0+8i7nPBts4MUvH6UI2K6G1yUtElvSrmb5MrVfw6qLUpL3hIsMT6MjvDu+H\/J7MBHobfiXeHvLGItnYG3+WmcBcrqK+b\/2kFbV9g+Q8AAP\/\/AwBQSwMEFAAGAAgAAAAhAGMG\/c9wAQAA8wIAABEACAFkb2NQcm9wcy9jb3JlLnhtbCCiBAEooAABAAAAAAAAAAAAAAAAAAAAAAAAAAAAAAAAAAAAAAAAAAAAAAAAAAAAAAAAAAAAAAAAAAAAAAAAAAAAAAAAAAAAAAAAAAAAAAAAAAAAAAAAAAAAAAAAAAAAAAAAAAAAAAAAAAAAAAAAAAAAAAAAAAAAAAAAAAAAAAAAAAAAAAAAAAAAAAAAAAAAAAAAAAAAAAAAAAAAAAAAAAAAAAAAAAAAAAAAAAAAAAAAAAAAAAAAAAAAAAAAAAAAAAAAAAAAAAAAAAAAAAAAAAAAAAAAAAAAAAAAAAAAAAAAAAAAAAAAAAAAAAAAAAAAAAAAAAAAAAAAAAAAAAAAAAAAAAAAAAAAAIySQW+CMBSA70v2H0jv0KKJTgKYuMXTTJbMZctutX1qJ5SmrSL\/fgUER\/SwE+\/1ff36eG08P+eZdwJtRCETFAYEeSBZwYXcJehjvfSfkGcslZxmhYQEVWDQPH18iJmKWKHhTRcKtBVgPGeSJmIqQXtrVYSxYXvIqQkcIV1xW+icWpfqHVaUHegO8IiQCc7BUk4txbXQV70RXZSc9Up11Fkj4AxDBjlIa3AYhPjKWtC5ubuhqfwhc2ErBXfRrtjTZyN6sCzLoBw3qOs\/xF+r1\/fmV30h61kxQGnMWWSFzSCN8TV0kTlufoDZdrlPXMw0UFvodOE+4DmhpBvIGqwr1UM\/QFUWmhsnGGQO42CYFsq6q2z1gwVHZ9TYlbvbrQC+qG5OuiXqTRpOon4dadgQfRpfRt12B9xzI4ragXaVz\/Hzy3qJ0hEJZz4Z+2S6DqcRmUWEfNcNDvZfhfmlgX8bR5OhsRO0Mxo+0\/QXAAD\/\/wMAUEsDBBQABgAIAAAAIQAzZTJS2gEAANoDAAAQAAgBZG9jUHJvcHMvYXBwLnhtbCCiBAEooAABAAAAAAAAAAAAAAAAAAAAAAAAAAAAAAAAAAAAAAAAAAAAAAAAAAAAAAAAAAAAAAAAAAAAAAAAAAAAAAAAAAAAAAAAAAAAAAAAAAAAAAAAAAAAAAAAAAAAAAAAAAAAAAAAAAAAAAAAAAAAAAAAAAAAAAAAAAAAAAAAAAAAAAAAAAAAAAAAAAAAAAAAAAAAAAAAAAAAAAAAAAAAAAAAAAAAAAAAAAAAAAAAAAAAAAAAAAAAAAAAAAAAAAAAAAAAAAAAAAAAAAAAAAAAAAAAAAAAAAAAAAAAAAAAAAAAAAAAAAAAAAAAAAAAAAAAAAAAAAAAAAAAAAAAAAAAAAAAAAAAAJxTTW\/bMAy9D9h\/MHRvlKRZVwSKiiHF0MO2BojbnjWZToTJkiCxQbNfP8puPGXtaT49PtLk44fEzUtnqwPEZLxbsdlkyipw2jfG7Vbsof56cc2qhMo1ynoHK3aExG7kxw9iE32AiAZSRSlcWrE9YlhynvQeOpUm5HbkaX3sFJIZd9y3rdFw6\/VzBw75fDq94vCC4BpoLsKYkA0Zlwf836SN11lfeqyPgfJJUUMXrEKQP\/KfVvCRELVHZWvTgZwSPRpio3aQ5EzwAYgnH5sk5\/PPgg9QrPcqKo00PDlbXC4ELwjxJQRrtEKaq\/xudPTJt1jd92KrnEDwMkRQA1vQz9HgMQspTfHNuCyFtAyItEW1iyrsk7zMAkdLbLWysKbeZatsAsH\/EuIOVN7rRpks8IDLA2j0sUrmN212zqqfKkGe2IodVDTKIRvCBqPHNiSMsjYINMTR7mEZVmKzyFMcwHlgb\/QaCJ+rowoW0n1LveE7Ymel2F7DILWQUyo71fgn69p3QTkaMB8RDfhXegi1v83H8TrDc7LY+5PB\/TYonbdz9em6vIDCJbbEQkMrHZcyEuKOWog2F6B\/3Q6aU8xbR76px+GpUrnJlL7+iE4cXcL4huQfAAAA\/\/8DAFBLAQItABQABgAIAAAAIQAykW9XZgEAAKUFAAATAAAAAAAAAAAAAAAAAAAAAABbQ29udGVudF9UeXBlc10ueG1sUEsBAi0AFAAGAAgAAAAhAB6RGrfvAAAATgIAAAsAAAAAAAAAAAAAAAAAnwMAAF9yZWxzLy5yZWxzUEsBAi0AFAAGAAgAAAAhALyWWrL1BgAACyEAABEAAAAAAAAAAAAAAAAAvwYAAHdvcmQvZG9jdW1lbnQueG1sUEsBAi0AFAAGAAgAAAAhALO+ix0FAQAAtgMAABwAAAAAAAAAAAAAAAAA4w0AAHdvcmQvX3JlbHMvZG9jdW1lbnQueG1sLnJlbHNQSwECLQAUAAYACAAAACEApNBthdIGAADDIAAAFQAAAAAAAAAAAAAAAAAqEAAAd29yZC90aGVtZS90aGVtZTEueG1sUEsBAi0AFAAGAAgAAAAhAKawx6UbBAAAOwsAABEAAAAAAAAAAAAAAAAALxcAAHdvcmQvc2V0dGluZ3MueG1sUEsBAi0AFAAGAAgAAAAhAO1x55DdBAAAlCcAABIAAAAAAAAAAAAAAAAAeRsAAHdvcmQvbnVtYmVyaW5nLnhtbFBLAQItABQABgAIAAAAIQA7739OywsAANlyAAAPAAAAAAAAAAAAAAAAAIYgAAB3b3JkL3N0eWxlcy54bWxQSwECLQAUAAYACAAAACEAvdSNvycBAACPAgAAFAAAAAAAAAAAAAAAAAB+LAAAd29yZC93ZWJTZXR0aW5ncy54bWxQSwECLQAUAAYACAAAACEAxxvpIDQCAACrCAAAEgAAAAAAAAAAAAAAAADXLQAAd29yZC9mb250VGFibGUueG1sUEsBAi0AFAAGAAgAAAAhAGMG\/c9wAQAA8wIAABEAAAAAAAAAAAAAAAAAOzAAAGRvY1Byb3BzL2NvcmUueG1sUEsBAi0AFAAGAAgAAAAhADNlMlLaAQAA2gMAABAAAAAAAAAAAAAAAAAA4jIAAGRvY1Byb3BzL2FwcC54bWxQSwUGAAAAAAwADAABAwAA8jUAAAAA\" alt=\"\"><\/li>\n<\/ul>\n\n\n\n<p style=\"font-size:20px\"><\/p>\n\n\n\n<p style=\"font-size:20px\"><\/p>\n\n\n\n<p><\/p>\n","protected":false},"excerpt":{"rendered":"<p>Schulprofil Allgemeines Schulprofil der Grundschule Schellenberg-Schule in Hellenhahn-Schellenberg im Schuljahr 2024\/2025 Die Schellenberg-Schule ist eine einz\u00fcgige Grundschule, in der im aktuellen Schuljahr 62 Kinder in vier Klassen unterrichtet werden. Die Mehrzahl der Sch\u00fcler stammt aus Hellenhahn-Schellenberg, 15 Sch\u00fcler werden mit dem Bus aus Neustadt zur Grundschule gebracht. \u00a0\u00a0\u00a0\u00a0\u00a0\u00a0\u00a0\u00a0\u00a0\u00a0 4 Lehrkr\u00e4fte,1 Referendarin und 1 Fachlehrerin unterrichten&#8230;<\/p>\n","protected":false},"author":1,"featured_media":0,"parent":0,"menu_order":0,"comment_status":"closed","ping_status":"closed","template":"","meta":{"footnotes":""},"class_list":["post-128","page","type-page","status-publish","hentry"],"_links":{"self":[{"href":"https:\/\/schellenbergschule.de\/index.php?rest_route=\/wp\/v2\/pages\/128","targetHints":{"allow":["GET"]}}],"collection":[{"href":"https:\/\/schellenbergschule.de\/index.php?rest_route=\/wp\/v2\/pages"}],"about":[{"href":"https:\/\/schellenbergschule.de\/index.php?rest_route=\/wp\/v2\/types\/page"}],"author":[{"embeddable":true,"href":"https:\/\/schellenbergschule.de\/index.php?rest_route=\/wp\/v2\/users\/1"}],"replies":[{"embeddable":true,"href":"https:\/\/schellenbergschule.de\/index.php?rest_route=%2Fwp%2Fv2%2Fcomments&post=128"}],"version-history":[{"count":20,"href":"https:\/\/schellenbergschule.de\/index.php?rest_route=\/wp\/v2\/pages\/128\/revisions"}],"predecessor-version":[{"id":559,"href":"https:\/\/schellenbergschule.de\/index.php?rest_route=\/wp\/v2\/pages\/128\/revisions\/559"}],"wp:attachment":[{"href":"https:\/\/schellenbergschule.de\/index.php?rest_route=%2Fwp%2Fv2%2Fmedia&parent=128"}],"curies":[{"name":"wp","href":"https:\/\/api.w.org\/{rel}","templated":true}]}}